{"id":1311,"date":"2021-04-27T07:28:07","date_gmt":"2021-04-27T07:28:07","guid":{"rendered":"https:\/\/redtowerproperty.com\/?page_id=1311"},"modified":"2025-03-14T15:53:16","modified_gmt":"2025-03-14T12:53:16","slug":"about-us","status":"publish","type":"page","link":"https:\/\/redtowerproperty.com\/de\/about-us\/","title":{"rendered":"\u00dcber uns"},"content":{"rendered":"<p>[vc_row css=&#8220;.vc_custom_1619509319604{margin-top: 30px !important;margin-bottom: 30px !important;}&#8220;][vc_column]<div class=\"hero cast-title title-smaller\">ABOUT OUR COMPANY<\/div>[vc_column_text][\/vc_column_text][\/vc_column][\/vc_row][vc_row][vc_column width=&#8220;1\/2&#8243;][vc_column_text]<\/p>\n<h4 data-start=\"210\" data-end=\"234\"><strong data-start=\"215\" data-end=\"232\">Unsere Vision<\/strong><\/h4>\n<p data-start=\"235\" data-end=\"742\">Unsere Vision bei <strong data-start=\"253\" data-end=\"285\">Redtower Property Investment<\/strong> ist es, ein f\u00fchrendes Immobilienunternehmen in der T\u00fcrkei und international zu sein. Wir setzen auf <strong data-start=\"386\" data-end=\"449\">vertrauensw\u00fcrdige, innovative und nachhaltige Investitionen<\/strong> und bieten unseren Kunden nicht nur Immobilien, sondern auch langfristige Wertsteigerung und hochwertige Lebensr\u00e4ume. Unser Ziel ist es, das Immobilienerlebnis durch professionelle Beratung, transparente Prozesse und ma\u00dfgeschneiderte Investitionsm\u00f6glichkeiten auf ein neues Niveau zu heben.<\/p>\n<h4 data-start=\"744\" data-end=\"769\"><strong data-start=\"749\" data-end=\"767\">Unsere Mission<\/strong><\/h4>\n<p data-start=\"770\" data-end=\"1188\">Unsere Mission ist es, den Immobilienmarkt mit einem <strong data-start=\"823\" data-end=\"887\">ethischen, kundenorientierten und hochwertigen Serviceansatz<\/strong> zu pr\u00e4gen. Wir m\u00f6chten die Erwartungen unserer Kunden \u00fcbertreffen, indem wir <strong data-start=\"965\" data-end=\"1039\">die besten Investitionsm\u00f6glichkeiten in Alanya und der gesamten T\u00fcrkei<\/strong> anbieten. Unser Fokus liegt nicht nur auf dem Verkauf von Immobilien, sondern auf dem Aufbau <strong data-start=\"1133\" data-end=\"1166\">langfristiger Partnerschaften<\/strong> mit unseren Kunden.<\/p>\n<h4 data-start=\"1190\" data-end=\"1214\"><strong data-start=\"1195\" data-end=\"1212\">Wer sind wir?<\/strong><\/h4>\n<p data-start=\"1215\" data-end=\"1538\">Gegr\u00fcndet im Jahr 2020 in Alanya, hat sich <strong data-start=\"1258\" data-end=\"1290\">Redtower Property Investment<\/strong> schnell zu einem der f\u00fchrenden Unternehmen der Branche entwickelt. Unser Erfolg basiert auf einem <strong data-start=\"1389\" data-end=\"1460\">professionellen, vertrauensw\u00fcrdigen und transparenten Serviceansatz<\/strong>. Wir bieten eine breite Palette an Immobiliendienstleistungen an, darunter:<\/p>\n<p data-start=\"1540\" data-end=\"2006\"><strong data-start=\"1543\" data-end=\"1561\">Wohnimmobilien<\/strong> \u2013 Apartments und H\u00e4user f\u00fcr alle Lebensstile<br data-start=\"1606\" data-end=\"1609\" \/><strong data-start=\"1613\" data-end=\"1623\">Villen<\/strong> \u2013 Luxuri\u00f6se und exklusive Wohnm\u00f6glichkeiten<br data-start=\"1667\" data-end=\"1670\" \/><strong data-start=\"1674\" data-end=\"1719\">Grundst\u00fccke &amp; landwirtschaftliche Fl\u00e4chen<\/strong> \u2013 Investitions- und Baufl\u00e4chen mit Potenzial<br data-start=\"1764\" data-end=\"1767\" \/><strong data-start=\"1770\" data-end=\"1791\">Gewerbeimmobilien<\/strong> \u2013 Gesch\u00e4ftsr\u00e4ume, B\u00fcros und Einzelhandelsfl\u00e4chen<br data-start=\"1840\" data-end=\"1843\" \/><strong data-start=\"1846\" data-end=\"1861\">Mietobjekte<\/strong> \u2013 Kurz- und langfristige Mietm\u00f6glichkeiten<br data-start=\"1904\" data-end=\"1907\" \/><strong data-start=\"1910\" data-end=\"1932\">Immobilienberatung<\/strong> \u2013 Professionelle Unterst\u00fctzung f\u00fcr Investitionen und Kaufentscheidungen<\/p>\n<h4 data-start=\"2008\" data-end=\"2037\"><strong data-start=\"2013\" data-end=\"2035\">Unsere Fachgebiete<\/strong><\/h4>\n<ul data-start=\"2038\" data-end=\"2434\">\n<li data-start=\"2038\" data-end=\"2123\"><strong data-start=\"2040\" data-end=\"2059\">Projektverk\u00e4ufe<\/strong> \u2013 Moderne Wohnprojekte und Neubauten mit hoher Wertsteigerung<\/li>\n<li data-start=\"2124\" data-end=\"2198\"><strong data-start=\"2126\" data-end=\"2150\">Zweitmarktimmobilien<\/strong> \u2013 Hochwertige Immobilien in attraktiven Lagen<\/li>\n<li data-start=\"2199\" data-end=\"2264\"><strong data-start=\"2201\" data-end=\"2220\">Luxusimmobilien<\/strong> \u2013 Premium-Villen und exklusive Residenzen<\/li>\n<li data-start=\"2265\" data-end=\"2354\"><strong data-start=\"2267\" data-end=\"2291\">Investitionsberatung<\/strong> \u2013 Kapitalmanagement und strategische Immobilieninvestitionen<\/li>\n<li data-start=\"2355\" data-end=\"2434\"><strong data-start=\"2357\" data-end=\"2386\">Internationale Immobilien<\/strong> \u2013 Speziall\u00f6sungen f\u00fcr ausl\u00e4ndische Investoren<\/li>\n<\/ul>\n<h4 data-start=\"2436\" data-end=\"2478\"><strong data-start=\"2441\" data-end=\"2476\">Unsere Erfolge &amp; Auszeichnungen<\/strong><\/h4>\n<p data-start=\"2479\" data-end=\"2601\">Seit unserer Gr\u00fcndung haben wir uns durch harte Arbeit und ein starkes Engagement f\u00fcr unsere Kunden einen Namen gemacht:<\/p>\n<p data-start=\"2603\" data-end=\"2859\">&#x2705; <strong data-start=\"2605\" data-end=\"2699\">2021 wurden wir als Steuerrekordhalter in unserer Berufskategorie in Alanya ausgezeichnet.<\/strong><br data-start=\"2699\" data-end=\"2702\" \/>&#x2705; <strong data-start=\"2704\" data-end=\"2813\">2023 erhielten wir den Preis als das am schnellsten wachsende Immobilienunternehmen in der Region Antalya<\/strong>, verliehen von der Engelsiz Ya\u015fam Stiftung.<\/p>\n<p data-start=\"2861\" data-end=\"2968\">Diese Erfolge spiegeln unseren hohen Anspruch an <strong data-start=\"2910\" data-end=\"2959\">Qualit\u00e4t, Transparenz und Kundenzufriedenheit<\/strong> wider.<\/p>\n<h4 data-start=\"2970\" data-end=\"2995\"><strong data-start=\"2975\" data-end=\"2993\">Unsere Gr\u00fcnder<\/strong><\/h4>\n<p data-start=\"2996\" data-end=\"3105\">Der Erfolg von Redtower Property Investment basiert auf der Erfahrung und Vision unserer beiden Mitgr\u00fcnder:<\/p>\n<p data-start=\"3107\" data-end=\"3544\"><strong data-start=\"3107\" data-end=\"3123\">Toros \u00c7a\u011flar<\/strong> \u2013 Geboren in Alanya, hat er an der Anadolu-Universit\u00e4t <strong data-start=\"3179\" data-end=\"3225\">Public Relations und Public Administration<\/strong> studiert. Mit <strong data-start=\"3240\" data-end=\"3285\">15 Jahren Erfahrung in der Rechtsberatung<\/strong> bringt er eine fundierte rechtliche und ethische Perspektive in den Immobiliensektor. Im Jahr 2020 entschied er sich, in das Familiengesch\u00e4ft der Immobilienbranche einzusteigen und kombinierte seine juristischen Kenntnisse mit einer klaren Gesch\u00e4ftsvision.<\/p>\n<p data-start=\"3546\" data-end=\"3985\"><strong data-start=\"3546\" data-end=\"3563\">Hasan Ci\u011ferci<\/strong> \u2013 Ebenfalls in Alanya geboren und aufgewachsen, begann er bereits mit <strong data-start=\"3634\" data-end=\"3672\">15 Jahren seine Karriere im Handel<\/strong>. Er arbeitete als Manager in den gr\u00f6\u00dften M\u00f6belunternehmen der Region und sammelte \u00fcber <strong data-start=\"3760\" data-end=\"3833\">20 Jahre Erfahrung in Vertrieb, Kundenservice und Unternehmensf\u00fchrung<\/strong>. Seine unternehmerische Denkweise und seine F\u00e4higkeit, Markttrends zu analysieren, sind entscheidend f\u00fcr den Erfolg von Redtower Property Investment.<\/p>\n<h4 data-start=\"3987\" data-end=\"4033\"><strong data-start=\"3992\" data-end=\"4031\">Warum Redtower Property Investment?<\/strong><\/h4>\n<p data-start=\"4034\" data-end=\"4405\">&#x2714; <strong data-start=\"4036\" data-end=\"4089\">Vertrauensw\u00fcrdige &amp; transparente Dienstleistungen<\/strong> \u2013 Wir stehen f\u00fcr Ehrlichkeit und Klarheit.<br data-start=\"4132\" data-end=\"4135\" \/>&#x2714; <strong data-start=\"4137\" data-end=\"4174\">Erfahrenes &amp; professionelles Team<\/strong> \u2013 Unser Fachwissen macht den Unterschied.<br data-start=\"4216\" data-end=\"4219\" \/>&#x2714; <strong data-start=\"4221\" data-end=\"4257\">Investitionsfokus &amp; Marktanalyse<\/strong> \u2013 Wir bieten <strong data-start=\"4271\" data-end=\"4305\">die besten Anlagem\u00f6glichkeiten<\/strong>.<br data-start=\"4306\" data-end=\"4309\" \/>&#x2714; <strong data-start=\"4311\" data-end=\"4351\">Kundenzufriedenheit an erster Stelle<\/strong> \u2013 Wir bauen <strong data-start=\"4364\" data-end=\"4398\">langfristige Kundenbeziehungen<\/strong> auf.<\/p>\n<p data-start=\"4407\" data-end=\"4546\">Wir laden Sie ein, Teil der <strong data-start=\"4435\" data-end=\"4467\">Redtower Property Investment<\/strong>-Familie zu werden und Ihre <strong data-start=\"4495\" data-end=\"4515\">Immobilientr\u00e4ume<\/strong> mit uns zu verwirklichen!<\/p>\n<p>[\/vc_column_text][\/vc_column][vc_column width=&#8220;1\/2&#8243;][vc_gallery type=&#8220;image_grid&#8220; images=&#8220;49489,49488,49487,49486,49485,49484,49483,49482,49481,49480,49479,49478,49470,49471,49472,49473,49474,49475,49476,49477&#8243;][\/vc_column][\/vc_row][vc_row full_width=&#8220;stretch_row&#8220; css=&#8220;.vc_custom_1619512263132{padding-bottom: 40px !important;background-color: #ffffff !important;}&#8220;][vc_column]<div class=\"hero cast-title title-smaller\">Meet the team!<\/div>        <style>\n        .the-agent-thumbnail img {\n                object-fit: cover;\n               background: #fff;\n        }\n        .the-agent-inner {\n            border:1px #ccc solid;\n        }\n        .the-agent-content {\n                min-height: 245px;\n        }\n\n        <\/style>\n        <div class=\"row agents-list agent-dark\">\n                    <\/div>\n        [\/vc_column][\/vc_row][vc_row el_class=&#8220;customers-area&#8220;][vc_column css=&#8220;.vc_custom_1619512438150{padding-top: 0px !important;}&#8220;]<div class=\"hero title-smaller hero--bottom-separator text-center text-info text-uppercase\">What our clients think<\/div>[vc_empty_space height=&#8220;20&#8243;]    <div class=\"carousel-container carousel-container\">\n        <div class=\"prev-button js-prev\"><\/div>\n        <div class=\"next-button js-next\"><\/div>\n        <div class=\"comments-carousel js-comments-carousel\">\n                    <\/div>\n    <\/div>\n    [\/vc_column][\/vc_row][vc_row][vc_column el_class=&#8220;listing-form-area&#8220;]<div class=\"hero text-left\">Do you need a personalized approach ?<\/div><div class=\"desc subhead\">Fill in your details below and one of our consultant will get back to you shortly with some recommendations.<\/div>\n<div class=\"wpcf7 no-js\" id=\"wpcf7-f1171-o3\" lang=\"en-US\" dir=\"ltr\" data-wpcf7-id=\"1171\">\n<div class=\"screen-reader-response\"><p role=\"status\" aria-live=\"polite\" aria-atomic=\"true\"><\/p> <ul><\/ul><\/div>\n<form action=\"\/de\/wp-json\/wp\/v2\/pages\/1311#wpcf7-f1171-o3\" method=\"post\" class=\"wpcf7-form init\" aria-label=\"Contact form\" novalidate=\"novalidate\" data-status=\"init\">\n<fieldset class=\"hidden-fields-container\"><input type=\"hidden\" name=\"_wpcf7\" value=\"1171\" \/><input type=\"hidden\" name=\"_wpcf7_version\" value=\"6.1.5\" \/><input type=\"hidden\" name=\"_wpcf7_locale\" value=\"en_US\" \/><input type=\"hidden\" name=\"_wpcf7_unit_tag\" value=\"wpcf7-f1171-o3\" \/><input type=\"hidden\" name=\"_wpcf7_container_post\" value=\"0\" \/><input type=\"hidden\" name=\"_wpcf7_posted_data_hash\" value=\"\" \/><input type=\"hidden\" name=\"_wpcf7_recaptcha_response\" value=\"\" \/>\n<\/fieldset>\n<div class=\"fields fields-3\">\n\t<p><span class=\"wpcf7-form-control-wrap\" data-name=\"your-name\"><input size=\"40\" maxlength=\"400\" class=\"wpcf7-form-control wpcf7-text wpcf7-validates-as-required name\" aria-required=\"true\" aria-invalid=\"false\" placeholder=\"Name*\" value=\"\" type=\"text\" name=\"your-name\" \/><\/span><br \/>\n<span class=\"wpcf7-form-control-wrap\" data-name=\"your-email\"><input size=\"40\" maxlength=\"400\" class=\"wpcf7-form-control wpcf7-email wpcf7-validates-as-required wpcf7-text wpcf7-validates-as-email email\" aria-required=\"true\" aria-invalid=\"false\" placeholder=\"E-Mail*\" value=\"\" type=\"email\" name=\"your-email\" \/><\/span><br \/>\n<span class=\"wpcf7-form-control-wrap\" data-name=\"your-phone\"><input size=\"40\" maxlength=\"400\" class=\"wpcf7-form-control wpcf7-tel wpcf7-text wpcf7-validates-as-tel phone\" aria-invalid=\"false\" placeholder=\"Phone\" value=\"\" type=\"tel\" name=\"your-phone\" \/><\/span>\n\t<\/p>\n<\/div>\n<div class=\"fields fields-odd\">\n\t<p><span class=\"wpcf7-form-control-wrap\" data-name=\"your-question\"><input size=\"40\" maxlength=\"400\" class=\"wpcf7-form-control wpcf7-text wpcf7-validates-as-required question\" aria-required=\"true\" aria-invalid=\"false\" placeholder=\"Any Question?\" value=\"\" type=\"text\" name=\"your-question\" \/><\/span><br \/>\n<input class=\"wpcf7-form-control wpcf7-submit has-spinner\" type=\"submit\" value=\"Send\" \/>\n\t<\/p>\n<\/div><div class=\"wpcf7-response-output\" aria-hidden=\"true\"><\/div>\n<\/form>\n<\/div>\n[vc_empty_space][\/vc_column][\/vc_row]<\/p>","protected":false},"excerpt":{"rendered":"<p>[vc_row css=&#8220;.vc_custom_1619509319604{margin-top: 30px !important;margin-bottom: 30px !important;}&#8220;][vc_column][vc_column_text][\/vc_column_text][\/vc_column][\/vc_row][vc_row][vc_column width=&#8220;1\/2&#8243;][vc_column_text] Unsere Vision Unsere Vision bei Redtower Property Investment ist es, ein f\u00fchrendes Immobilienunternehmen in der T\u00fcrkei und international zu sein. Wir setzen auf vertrauensw\u00fcrdige, innovative und nachhaltige Investitionen und bieten unseren Kunden nicht nur Immobilien, sondern auch langfristige Wertsteigerung und hochwertige Lebensr\u00e4ume. Unser Ziel ist es, das Immobilienerlebnis [&hellip;]<\/p>\n","protected":false},"author":5,"featured_media":49470,"parent":0,"menu_order":0,"comment_status":"closed","ping_status":"closed","template":"","meta":{"inline_featured_image":false,"footnotes":""},"class_list":["post-1311","page","type-page","status-publish","has-post-thumbnail","hentry"],"_links":{"self":[{"href":"https:\/\/redtowerproperty.com\/de\/wp-json\/wp\/v2\/pages\/1311","targetHints":{"allow":["GET"]}}],"collection":[{"href":"https:\/\/redtowerproperty.com\/de\/wp-json\/wp\/v2\/pages"}],"about":[{"href":"https:\/\/redtowerproperty.com\/de\/wp-json\/wp\/v2\/types\/page"}],"author":[{"embeddable":true,"href":"https:\/\/redtowerproperty.com\/de\/wp-json\/wp\/v2\/users\/5"}],"replies":[{"embeddable":true,"href":"https:\/\/redtowerproperty.com\/de\/wp-json\/wp\/v2\/comments?post=1311"}],"version-history":[{"count":3,"href":"https:\/\/redtowerproperty.com\/de\/wp-json\/wp\/v2\/pages\/1311\/revisions"}],"predecessor-version":[{"id":49493,"href":"https:\/\/redtowerproperty.com\/de\/wp-json\/wp\/v2\/pages\/1311\/revisions\/49493"}],"wp:featuredmedia":[{"embeddable":true,"href":"https:\/\/redtowerproperty.com\/de\/wp-json\/wp\/v2\/media\/49470"}],"wp:attachment":[{"href":"https:\/\/redtowerproperty.com\/de\/wp-json\/wp\/v2\/media?parent=1311"}],"curies":[{"name":"wp","href":"https:\/\/api.w.org\/{rel}","templated":true}]}}