{"id":2127,"date":"2022-02-26T14:44:20","date_gmt":"2022-02-26T11:44:20","guid":{"rendered":"https:\/\/redtowerproperty.com\/?page_id=2127"},"modified":"2025-02-21T21:16:02","modified_gmt":"2025-02-21T18:16:02","slug":"services-template","status":"publish","type":"page","link":"https:\/\/redtowerproperty.com\/de\/services-template\/","title":{"rendered":"Dienstleistungen"},"content":{"rendered":"<p>[vc_row full_width=&#8220;stretch_row&#8220; css=&#8220;.vc_custom_1672669470759{background: #ffffff url(https:\/\/redtowerproperty.com\/wp-content\/uploads\/2022\/02\/christin-hume-Hcfwew744z4-unsplash-scaled.jpg?id=2129) !important;background-position: center !important;background-repeat: no-repeat !important;background-size: cover !important;}&#8220;][vc_column width=&#8220;1\/6&#8243; offset=&#8220;vc_hidden-md&#8220;][vc_single_image image=&#8220;22372&#8243; img_size=&#8220;full&#8220; alignment=&#8220;center&#8220;][\/vc_column][vc_column width=&#8220;2\/3&#8243;][vc_column_text]<strong>Beratung bei der Suche nach einem Haus und Pr\u00e4sentation<\/strong>[\/vc_column_text][vc_column_text]Wir helfen unseren Kunden, eine Wohnung aus dem richtigen Projekt zu kaufen, indem wir eine Pr\u00e4sentation in unserem B\u00fcro geben und sie dann auf die Baustelle begleiten, um jedes Projekt zu sehen, das ihnen gef\u00e4llt und das sie ausgew\u00e4hlt haben.[\/vc_column_text][\/vc_column][\/vc_row][vc_row full_width=&#8220;stretch_row&#8220; css=&#8220;.vc_custom_1672669470759{background: #ffffff url(https:\/\/redtowerproperty.com\/wp-content\/uploads\/2022\/02\/christin-hume-Hcfwew744z4-unsplash-scaled.jpg?id=2129) !important;background-position: center !important;background-repeat: no-repeat !important;background-size: cover !important;}&#8220;][vc_column width=&#8220;1\/6&#8243;][vc_single_image image=&#8220;22292&#8243; img_size=&#8220;full&#8220; alignment=&#8220;center&#8220;][\/vc_column][vc_column width=&#8220;2\/3&#8243;][vc_column_text]<strong>Beantragung einer Steueridentifikationsnummer<\/strong>[\/vc_column_text][vc_column_text]Unsere ausl\u00e4ndischen Kunden m\u00fcssen f\u00fcr Eigentumsurkunden, Bank- und Geldtransaktionen eine Steueridentifikationsnummer beantragen. Wir unterst\u00fctzen unsere Kunden bei allen erforderlichen Ma\u00dfnahmen.[\/vc_column_text][\/vc_column][\/vc_row][vc_row full_width=&#8220;stretch_row&#8220; css=&#8220;.vc_custom_1672669470759{background: #ffffff url(https:\/\/redtowerproperty.com\/wp-content\/uploads\/2022\/02\/christin-hume-Hcfwew744z4-unsplash-scaled.jpg?id=2129) !important;background-position: center !important;background-repeat: no-repeat !important;background-size: cover !important;}&#8220;][vc_column width=&#8220;1\/6&#8243;][vc_single_image image=&#8220;22344&#8243; img_size=&#8220;full&#8220; alignment=&#8220;center&#8220;][\/vc_column][vc_column width=&#8220;2\/3&#8243;][vc_column_text]<strong>Er\u00f6ffnung eines Bankkontos<\/strong>[\/vc_column_text][vc_column_text]Nachdem Sie Ihre Steueridentifikationsnummer erhalten haben, begleiten wir Sie bei der Er\u00f6ffnung eines Bankkontos, um Devisentransaktionen durchzuf\u00fchren und eine Eigentumsurkunde zu erhalten.[\/vc_column_text][\/vc_column][\/vc_row][vc_row full_width=&#8220;stretch_row&#8220; css=&#8220;.vc_custom_1672669470759{background: #ffffff url(https:\/\/redtowerproperty.com\/wp-content\/uploads\/2022\/02\/christin-hume-Hcfwew744z4-unsplash-scaled.jpg?id=2129) !important;background-position: center !important;background-repeat: no-repeat !important;background-size: cover !important;}&#8220;][vc_column width=&#8220;1\/6&#8243;][vc_single_image image=&#8220;22346&#8243; img_size=&#8220;full&#8220; alignment=&#8220;center&#8220;][\/vc_column][vc_column width=&#8220;2\/3&#8243;][vc_column_text]<strong>Vertragsprozess-Management<\/strong>[\/vc_column_text][vc_column_text]Nachdem Sie sich f\u00fcr Ihre Traumwohnung entschieden haben, k\u00fcmmern wir uns um die Vertragsabwicklung mit den Verk\u00e4ufern. Durch die Erteilung einer Vollmacht an unser professionelles Team k\u00f6nnen Sie den Prozess beschleunigen.[\/vc_column_text][\/vc_column][\/vc_row][vc_row full_width=&#8220;stretch_row&#8220; css=&#8220;.vc_custom_1672669470759{background: #ffffff url(https:\/\/redtowerproperty.com\/wp-content\/uploads\/2022\/02\/christin-hume-Hcfwew744z4-unsplash-scaled.jpg?id=2129) !important;background-position: center !important;background-repeat: no-repeat !important;background-size: cover !important;}&#8220;][vc_column width=&#8220;1\/6&#8243;][vc_single_image image=&#8220;22390&#8243; img_size=&#8220;full&#8220; alignment=&#8220;center&#8220;][\/vc_column][vc_column width=&#8220;2\/3&#8243;][vc_column_text]<strong>Immobilien-Bewertungs-Transaktionen<\/strong>[\/vc_column_text][vc_column_text]Vor dem Kauf einer Immobilie in der T\u00fcrkei ist es obligatorisch, ein Wertgutachten zu erstellen. Alle Phasen der Erstellung des Wertgutachtens werden von uns kontrolliert.[\/vc_column_text][\/vc_column][\/vc_row][vc_row full_width=&#8220;stretch_row&#8220; css=&#8220;.vc_custom_1672669470759{background: #ffffff url(https:\/\/redtowerproperty.com\/wp-content\/uploads\/2022\/02\/christin-hume-Hcfwew744z4-unsplash-scaled.jpg?id=2129) !important;background-position: center !important;background-repeat: no-repeat !important;background-size: cover !important;}&#8220;][vc_column width=&#8220;1\/6&#8243;][vc_single_image image=&#8220;22396&#8243; img_size=&#8220;full&#8220; alignment=&#8220;center&#8220;][\/vc_column][vc_column width=&#8220;2\/3&#8243;][vc_column_text]<strong>Beratung bei Eigentums\u00fcbertragungen<\/strong>[\/vc_column_text][vc_column_text]Wir unterst\u00fctzen Sie bei der Abwicklung von Grundst\u00fccksgesch\u00e4ften, indem wir die notwendigen Unterlagen f\u00fcr die Grundst\u00fccksurkunde an die Grundbuch- und Kataster\u00e4mter liefern und den Antrag auf die Grundst\u00fccksurkunde \u00fcber WEB TAPU stellen und helfen, die Prozesse schnell und einfach abzuwickeln.[\/vc_column_text][\/vc_column][\/vc_row][vc_row full_width=&#8220;stretch_row&#8220; css=&#8220;.vc_custom_1672669470759{background: #ffffff url(https:\/\/redtowerproperty.com\/wp-content\/uploads\/2022\/02\/christin-hume-Hcfwew744z4-unsplash-scaled.jpg?id=2129) !important;background-position: center !important;background-repeat: no-repeat !important;background-size: cover !important;}&#8220;][vc_column width=&#8220;1\/6&#8243;][vc_single_image image=&#8220;22397&#8243; img_size=&#8220;full&#8220; alignment=&#8220;center&#8220;][\/vc_column][vc_column width=&#8220;2\/3&#8243;][vc_column_text]<strong>Reinigungsdienste<\/strong>[\/vc_column_text][vc_column_text]Unser Unternehmen bietet Ihnen einen erstklassigen Service in diesem Bereich. Wir reinigen die von Ihnen gekaufte Wohnung und machen sie f\u00fcr Sie bezugsfertig.[\/vc_column_text][\/vc_column][\/vc_row][vc_row full_width=&#8220;stretch_row&#8220; css=&#8220;.vc_custom_1672669470759{background: #ffffff url(https:\/\/redtowerproperty.com\/wp-content\/uploads\/2022\/02\/christin-hume-Hcfwew744z4-unsplash-scaled.jpg?id=2129) !important;background-position: center !important;background-repeat: no-repeat !important;background-size: cover !important;}&#8220;][vc_column width=&#8220;1\/6&#8243;][vc_single_image image=&#8220;22414&#8243; img_size=&#8220;full&#8220; alignment=&#8220;center&#8220;][\/vc_column][vc_column width=&#8220;2\/3&#8243;][vc_column_text]<strong>Hausratversicherung<\/strong>[\/vc_column_text][vc_column_text]Zus\u00e4tzlich zur privaten Wohngeb\u00e4udeversicherung muss jeder Eigent\u00fcmer einer t\u00fcrkischen Immobilie eine staatliche Erdbebenversicherung, die DASK, abschlie\u00dfen. Die Erdbebenversicherung (DASK) ist obligatorisch. Wir helfen unseren Kunden, diesen Prozess schnell und einfach zu gestalten.[\/vc_column_text][\/vc_column][\/vc_row][vc_row full_width=&#8220;stretch_row&#8220; css=&#8220;.vc_custom_1672669470759{background: #ffffff url(https:\/\/redtowerproperty.com\/wp-content\/uploads\/2022\/02\/christin-hume-Hcfwew744z4-unsplash-scaled.jpg?id=2129) !important;background-position: center !important;background-repeat: no-repeat !important;background-size: cover !important;}&#8220;][vc_column width=&#8220;1\/6&#8243;][vc_single_image image=&#8220;22416&#8243; img_size=&#8220;full&#8220; alignment=&#8220;center&#8220;][\/vc_column][vc_column width=&#8220;2\/3&#8243;][vc_column_text]<strong>Anmeldung zum Abonnement<\/strong>[\/vc_column_text][vc_column_text]Nach dem Kauf Ihrer Immobilie unterst\u00fctzen wir Sie beim Abschluss von Abonnements f\u00fcr Strom, Wasser und Internet.[\/vc_column_text][\/vc_column][\/vc_row][vc_row full_width=&#8220;stretch_row&#8220; css=&#8220;.vc_custom_1672669470759{background: #ffffff url(https:\/\/redtowerproperty.com\/wp-content\/uploads\/2022\/02\/christin-hume-Hcfwew744z4-unsplash-scaled.jpg?id=2129) !important;background-position: center !important;background-repeat: no-repeat !important;background-size: cover !important;}&#8220;][vc_column width=&#8220;1\/6&#8243;][vc_single_image image=&#8220;22417&#8243; img_size=&#8220;full&#8220; alignment=&#8220;center&#8220;][\/vc_column][vc_column width=&#8220;2\/3&#8243;][vc_column_text]<strong>Auswahl an M\u00f6beln und Haushaltsger\u00e4ten<\/strong>[\/vc_column_text][vc_column_text]Um Ihr Haus einzurichten, hilft Ihnen unser Kundendienstmitarbeiter beim Einkauf von M\u00f6beln und Haushaltsger\u00e4ten.[\/vc_column_text][\/vc_column][\/vc_row][vc_row full_width=&#8220;stretch_row&#8220; css=&#8220;.vc_custom_1672669470759{background: #ffffff url(https:\/\/redtowerproperty.com\/wp-content\/uploads\/2022\/02\/christin-hume-Hcfwew744z4-unsplash-scaled.jpg?id=2129) !important;background-position: center !important;background-repeat: no-repeat !important;background-size: cover !important;}&#8220;][vc_column width=&#8220;1\/6&#8243;][vc_single_image image=&#8220;22418&#8243; img_size=&#8220;full&#8220; alignment=&#8220;center&#8220;][\/vc_column][vc_column width=&#8220;2\/3&#8243;][vc_column_text]<strong>Fahrzeugkauf und -miete<\/strong>[\/vc_column_text][vc_column_text]Wenn Sie ein Fahrzeug kaufen oder mieten m\u00f6chten, sind wir Ihnen gerne behilflich und bieten Ihnen unsere Mietwagenfirma an, mit der wir zusammenarbeiten.[\/vc_column_text][\/vc_column][\/vc_row][vc_row full_width=&#8220;stretch_row&#8220; css=&#8220;.vc_custom_1672669470759{background: #ffffff url(https:\/\/redtowerproperty.com\/wp-content\/uploads\/2022\/02\/christin-hume-Hcfwew744z4-unsplash-scaled.jpg?id=2129) !important;background-position: center !important;background-repeat: no-repeat !important;background-size: cover !important;}&#8220;][vc_column width=&#8220;1\/6&#8243;][vc_single_image image=&#8220;22424&#8243; img_size=&#8220;full&#8220; alignment=&#8220;center&#8220;][\/vc_column][vc_column width=&#8220;2\/3&#8243;][vc_column_text]<strong>Advocacy-Dienste<\/strong>[\/vc_column_text][vc_column_text]Unsere Anw\u00e4lte unterst\u00fctzen Sie gerne beim Kauf und Verkauf von Immobilien oder bei Ihren privaten Angelegenheiten.[\/vc_column_text][\/vc_column][\/vc_row]<\/p>","protected":false},"excerpt":{"rendered":"<p>[vc_row full_width=&#8220;stretch_row&#8220; css=&#8220;.vc_custom_1672669470759{background: #ffffff url(https:\/\/redtowerproperty.com\/wp-content\/uploads\/2022\/02\/christin-hume-Hcfwew744z4-unsplash-scaled.jpg?id=2129) !important;background-position: center !important;background-repeat: no-repeat !important;background-size: cover !important;}&#8220;][vc_column width=&#8220;1\/6&#8243; offset=&#8220;vc_hidden-md&#8220;][vc_single_image image=&#8220;22372&#8243; img_size=&#8220;full&#8220; alignment=&#8220;center&#8220;][\/vc_column][vc_column width=&#8220;2\/3&#8243;][vc_column_text]Beratung bei der Suche nach einem Haus und Pr\u00e4sentation[\/vc_column_text][vc_column_text]Wir helfen unseren Kunden, eine Wohnung aus dem richtigen Projekt zu kaufen, indem wir eine Pr\u00e4sentation in unserem B\u00fcro geben und sie dann auf die Baustelle begleiten, um jedes Projekt [&hellip;]<\/p>\n","protected":false},"author":5,"featured_media":0,"parent":0,"menu_order":0,"comment_status":"closed","ping_status":"closed","template":"","meta":{"inline_featured_image":false,"footnotes":""},"class_list":["post-2127","page","type-page","status-publish","hentry"],"_links":{"self":[{"href":"https:\/\/redtowerproperty.com\/de\/wp-json\/wp\/v2\/pages\/2127","targetHints":{"allow":["GET"]}}],"collection":[{"href":"https:\/\/redtowerproperty.com\/de\/wp-json\/wp\/v2\/pages"}],"about":[{"href":"https:\/\/redtowerproperty.com\/de\/wp-json\/wp\/v2\/types\/page"}],"author":[{"embeddable":true,"href":"https:\/\/redtowerproperty.com\/de\/wp-json\/wp\/v2\/users\/5"}],"replies":[{"embeddable":true,"href":"https:\/\/redtowerproperty.com\/de\/wp-json\/wp\/v2\/comments?post=2127"}],"version-history":[{"count":1,"href":"https:\/\/redtowerproperty.com\/de\/wp-json\/wp\/v2\/pages\/2127\/revisions"}],"predecessor-version":[{"id":48729,"href":"https:\/\/redtowerproperty.com\/de\/wp-json\/wp\/v2\/pages\/2127\/revisions\/48729"}],"wp:attachment":[{"href":"https:\/\/redtowerproperty.com\/de\/wp-json\/wp\/v2\/media?parent=2127"}],"curies":[{"name":"wp","href":"https:\/\/api.w.org\/{rel}","templated":true}]}}