{"id":28341,"date":"2023-04-17T10:02:36","date_gmt":"2023-04-17T07:02:36","guid":{"rendered":"https:\/\/redtowerproperty.com\/?page_id=28341"},"modified":"2025-02-24T16:21:26","modified_gmt":"2025-02-24T13:21:26","slug":"sell-your-property","status":"publish","type":"page","link":"https:\/\/redtowerproperty.com\/de\/sell-your-property\/","title":{"rendered":"Wir verkaufen Ihre Immobilie"},"content":{"rendered":"<p>[vc_row][vc_column]<div class=\"hero default\">Wir verkaufen Ihre Immobilie<\/div>[\/vc_column][\/vc_row][vc_row][vc_column][vc_column_text]Verkauf Ihrer Immobilie mit Hilfe einer Immobilienagentur in der T\u00fcrkei<br \/>\nBeyProperty Alanya &#8211; bietet Dienstleistungen f\u00fcr den Verkauf Ihrer Immobilie in der T\u00fcrkei an.<\/p>\n<p>Sie k\u00f6nnen uns kontaktieren, wenn Sie Ihre Immobilie sicher und schnell verkaufen m\u00f6chten. Als angesehenes Immobilienunternehmen in der T\u00fcrkei haben wir enorme Erfahrung im Kauf und Verkauf von Wohnungen gesammelt!<br \/>\nWarum sollten Sie sich an uns wenden?<br \/>\nDas erste ist die maximale Anzahl an Ansichten.Ihr Objekt wird auf den Websites und Internetseiten unseres Unternehmens sowie auf f\u00fchrenden Immobilienportalen platziert. Jeder, der Wohnungssuche macht, wird ihn sehen. Dies erh\u00f6ht die M\u00f6glichkeit eines schnellen Verkaufs, da unsere Websites t\u00e4glich von Tausenden von Menschen aus der ganzen Welt besucht werden.<br \/>\n* Die zweite ist K\u00e4ufer aus dem Ausland. Ausl\u00e4nder.<br \/>\nDie Anzeige zum Verkauf Ihrer Immobilie wird in 4 Sprachen ver\u00f6ffentlicht. Unsere professionellen Spezialisten f\u00fchren ihre Arbeit in mehr als 4 Sprachen durch. Auf diese Weise k\u00f6nnen in Zukunft nicht nur t\u00fcrkische Staatsb\u00fcrger, sondern auch Ausl\u00e4nder aus anderen L\u00e4ndern der Welt K\u00e4ufer Ihrer Immobilie werden.<\/p>\n<p>* Professionelle Werbung<br \/>\nUnser professioneller Fotograf wird Fotos machen und das Team wird eine Anzeige erstellen, in der die wichtigsten und vorteilhaften Eigenschaften Ihres Immobilienobjekts f\u00fcr den erfolgreichen Verkauf hervorgehoben werden.<\/p>\n<p>* Immobilienbewertungsbericht<br \/>\nWir helfen Ihnen, einen Bericht \u00fcber die Bewertung von Immobilien zu erstellen, dessen Verf\u00fcgbarkeit f\u00fcr ausl\u00e4ndische K\u00e4ufer obligatorisch ist. Wir werden dies so schnell wie m\u00f6glich tun, mit 100% Genauigkeit der Daten.<\/p>\n<p>Und nat\u00fcrlich werden wir Ihre Immobilie profitabel verkaufen, denn es gibt bereits Hunderte erfolgreicher Gesch\u00e4fte hinter unseren Schultern. Und wir sind zuversichtlich, dass dieses Ergebnis sowohl f\u00fcr den Verk\u00e4ufer als auch f\u00fcr den K\u00e4ufer von Vorteil sein wird.[\/vc_column_text][\/vc_column][\/vc_row][vc_row][vc_column]\n<div class=\"wpcf7 no-js\" id=\"wpcf7-f9497-o3\" lang=\"de-DE\" dir=\"ltr\" data-wpcf7-id=\"9497\">\n<div class=\"screen-reader-response\"><p role=\"status\" aria-live=\"polite\" aria-atomic=\"true\"><\/p> <ul><\/ul><\/div>\n<form action=\"\/de\/wp-json\/wp\/v2\/pages\/28341#wpcf7-f9497-o3\" method=\"post\" class=\"wpcf7-form init\" aria-label=\"Kontaktformular\" novalidate=\"novalidate\" data-status=\"init\">\n<fieldset class=\"hidden-fields-container\"><input type=\"hidden\" name=\"_wpcf7\" value=\"9497\" \/><input type=\"hidden\" name=\"_wpcf7_version\" value=\"6.1.5\" \/><input type=\"hidden\" name=\"_wpcf7_locale\" value=\"de_DE\" \/><input type=\"hidden\" name=\"_wpcf7_unit_tag\" value=\"wpcf7-f9497-o3\" \/><input type=\"hidden\" name=\"_wpcf7_container_post\" value=\"0\" \/><input type=\"hidden\" name=\"_wpcf7_posted_data_hash\" value=\"\" \/><input type=\"hidden\" name=\"_wpcf7_recaptcha_response\" value=\"\" \/>\n<\/fieldset>\n<div class=\"nth-cf7\">\n\t<p><span class=\"wpcf7-form-control-wrap\" data-name=\"your-name\"><input size=\"40\" maxlength=\"400\" class=\"wpcf7-form-control wpcf7-text wpcf7-validates-as-required name\" aria-required=\"true\" aria-invalid=\"false\" placeholder=\"Name*\" value=\"\" type=\"text\" name=\"your-name\" \/><\/span><br \/>\n<span class=\"wpcf7-form-control-wrap\" data-name=\"your-email\"><input size=\"40\" maxlength=\"400\" class=\"wpcf7-form-control wpcf7-email wpcf7-validates-as-required wpcf7-text wpcf7-validates-as-email email\" aria-required=\"true\" aria-invalid=\"false\" placeholder=\"EMail*\" value=\"\" type=\"email\" name=\"your-email\" \/><\/span><br \/>\n<span class=\"wpcf7-form-control-wrap\" data-name=\"your-subject\"><input size=\"40\" maxlength=\"400\" class=\"wpcf7-form-control wpcf7-text wpcf7-validates-as-required name\" aria-required=\"true\" aria-invalid=\"false\" placeholder=\"Betreff*\" value=\"\" type=\"text\" name=\"your-subject\" \/><\/span><br \/>\n<span class=\"wpcf7-form-control-wrap\" data-name=\"your-message\"><textarea cols=\"40\" rows=\"3\" maxlength=\"2000\" class=\"wpcf7-form-control wpcf7-textarea no-resize\" aria-invalid=\"false\" placeholder=\"Deine Nachricht\" name=\"your-message\"><\/textarea><\/span>\n\t<\/p>\n<\/div>\n<p><input class=\"wpcf7-form-control wpcf7-submit has-spinner btn btn-outline-success\" type=\"submit\" value=\"Senden\" \/>\n<\/p><div class=\"wpcf7-response-output\" aria-hidden=\"true\"><\/div>\n<\/form>\n<\/div>\n[\/vc_column][\/vc_row]<\/p>","protected":false},"excerpt":{"rendered":"<p>[vc_row][vc_column][\/vc_column][\/vc_row][vc_row][vc_column][vc_column_text]Verkauf Ihrer Immobilie mit Hilfe einer Immobilienagentur in der T\u00fcrkei BeyProperty Alanya &#8211; bietet Dienstleistungen f\u00fcr den Verkauf Ihrer Immobilie in der T\u00fcrkei an. Sie k\u00f6nnen uns kontaktieren, wenn Sie Ihre Immobilie sicher und schnell verkaufen m\u00f6chten. Als angesehenes Immobilienunternehmen in der T\u00fcrkei haben wir enorme Erfahrung im Kauf und Verkauf von Wohnungen gesammelt! Warum [&hellip;]<\/p>\n","protected":false},"author":5,"featured_media":0,"parent":0,"menu_order":0,"comment_status":"closed","ping_status":"closed","template":"","meta":{"inline_featured_image":false,"footnotes":""},"class_list":["post-28341","page","type-page","status-publish","hentry"],"_links":{"self":[{"href":"https:\/\/redtowerproperty.com\/de\/wp-json\/wp\/v2\/pages\/28341","targetHints":{"allow":["GET"]}}],"collection":[{"href":"https:\/\/redtowerproperty.com\/de\/wp-json\/wp\/v2\/pages"}],"about":[{"href":"https:\/\/redtowerproperty.com\/de\/wp-json\/wp\/v2\/types\/page"}],"author":[{"embeddable":true,"href":"https:\/\/redtowerproperty.com\/de\/wp-json\/wp\/v2\/users\/5"}],"replies":[{"embeddable":true,"href":"https:\/\/redtowerproperty.com\/de\/wp-json\/wp\/v2\/comments?post=28341"}],"version-history":[{"count":3,"href":"https:\/\/redtowerproperty.com\/de\/wp-json\/wp\/v2\/pages\/28341\/revisions"}],"predecessor-version":[{"id":48751,"href":"https:\/\/redtowerproperty.com\/de\/wp-json\/wp\/v2\/pages\/28341\/revisions\/48751"}],"wp:attachment":[{"href":"https:\/\/redtowerproperty.com\/de\/wp-json\/wp\/v2\/media?parent=28341"}],"curies":[{"name":"wp","href":"https:\/\/api.w.org\/{rel}","templated":true}]}}