{"id":1311,"date":"2021-04-27T07:28:07","date_gmt":"2021-04-27T07:28:07","guid":{"rendered":"https:\/\/redtowerproperty.com\/?page_id=1311"},"modified":"2025-03-14T15:53:16","modified_gmt":"2025-03-14T12:53:16","slug":"about-us","status":"publish","type":"page","link":"https:\/\/redtowerproperty.com\/tr\/about-us\/","title":{"rendered":"Hakk\u0131m\u0131zda"},"content":{"rendered":"<p>[vc_row][vc_column width=&#8221;1\/2&#8243;]<div class=\"hero cast-title title-smaller\"><strong>REDTOWER PROPERTY HAKKINDA<\/strong><\/div>[vc_column_text]<\/p>\n<h3 data-start=\"49\" data-end=\"69\"><strong data-start=\"53\" data-end=\"67\">Vizyonumuz<\/strong><\/h3>\n<p data-start=\"70\" data-end=\"414\">Redtower Property Investment olarak vizyonumuz, T\u00fcrkiye\u2019de ve uluslararas\u0131 arenada g\u00fcvenilir, yenilik\u00e7i ve s\u00fcrd\u00fcr\u00fclebilir yat\u0131r\u0131mlara \u00f6nc\u00fcl\u00fck eden lider bir gayrimenkul firmas\u0131 olmakt\u0131r. M\u00fc\u015fterilerimize sadece bir m\u00fclk de\u011fil, ya\u015fam kalitesini art\u0131ran, de\u011fer kazanan ve gelece\u011fe yat\u0131r\u0131m imk\u00e2n\u0131 sunan projeler geli\u015ftirmek en b\u00fcy\u00fck hedefimizdir.<\/p>\n<h3 data-start=\"416\" data-end=\"436\"><strong data-start=\"420\" data-end=\"434\">Misyonumuz<\/strong><\/h3>\n<p data-start=\"437\" data-end=\"860\">Misyonumuz, etik de\u011ferlerden \u00f6d\u00fcn vermeden, m\u00fc\u015fteri odakl\u0131 ve kaliteli hizmet anlay\u0131\u015f\u0131yla gayrimenkul sekt\u00f6r\u00fcne y\u00f6n vermektir. Alanya ve T\u00fcrkiye genelinde sundu\u011fumuz emlak \u00e7\u00f6z\u00fcmleri ile bireysel ve kurumsal yat\u0131r\u0131mc\u0131lar\u0131n beklentilerini a\u015farak, onlara en uygun f\u0131rsatlar\u0131 sunmay\u0131 ama\u00e7l\u0131yoruz. Yenilik\u00e7i, \u015feffaf ve g\u00fcvenilir bir yakla\u015f\u0131m ile m\u00fc\u015fterilerimize sadece bir hizmet de\u011fil, uzun vadeli bir i\u015f ortakl\u0131\u011f\u0131 sunuyoruz.<\/p>\n<h3 data-start=\"862\" data-end=\"878\"><strong data-start=\"866\" data-end=\"876\">Kimiz?<\/strong><\/h3>\n<p data-start=\"879\" data-end=\"1257\">2020 y\u0131l\u0131nda Alanya\u2019da kurulan <strong data-start=\"910\" data-end=\"942\">Redtower Property Investment<\/strong>, k\u0131sa s\u00fcrede sekt\u00f6r\u00fcnde \u00f6nc\u00fc firmalardan biri haline gelerek g\u00fcvenilir ve profesyonel hizmet anlay\u0131\u015f\u0131yla fark yaratm\u0131\u015ft\u0131r. Alanya ve T\u00fcrkiye genelinde faaliyet g\u00f6steren firmam\u0131z, <strong data-start=\"1122\" data-end=\"1210\">konut, villa, arsa, tarla, ticari gayrimenkul, kiral\u0131k m\u00fclkler ve emlak dan\u0131\u015fmanl\u0131\u011f\u0131<\/strong> gibi geni\u015f bir yelpazede hizmet vermektedir.<\/p>\n<p data-start=\"1259\" data-end=\"1286\"><strong data-start=\"1259\" data-end=\"1284\">Uzmanl\u0131k Alanlar\u0131m\u0131z:<\/strong><\/p>\n<ul data-start=\"1287\" data-end=\"1681\">\n<li data-start=\"1287\" data-end=\"1367\"><strong data-start=\"1289\" data-end=\"1309\">Proje Sat\u0131\u015flar\u0131:<\/strong> Yeni nesil konut projeleri ve yat\u0131r\u0131ml\u0131k gayrimenkuller<\/li>\n<li data-start=\"1368\" data-end=\"1437\"><strong data-start=\"1370\" data-end=\"1393\">\u0130kinci El Daireler:<\/strong> De\u011fer kazanan b\u00f6lgelerde en iyi f\u0131rsatlar<\/li>\n<li data-start=\"1438\" data-end=\"1519\"><strong data-start=\"1440\" data-end=\"1455\">L\u00fcks Emlak:<\/strong> Premium ya\u015fam alanlar\u0131 ve y\u00fcksek standartl\u0131 konut se\u00e7enekleri<\/li>\n<li data-start=\"1520\" data-end=\"1596\"><strong data-start=\"1522\" data-end=\"1547\">Yat\u0131r\u0131m Dan\u0131\u015fmanl\u0131\u011f\u0131:<\/strong> Sermaye y\u00f6netimi ve kazan\u00e7l\u0131 emlak yat\u0131r\u0131mlar\u0131<\/li>\n<li data-start=\"1597\" data-end=\"1681\"><strong data-start=\"1599\" data-end=\"1622\">Uluslararas\u0131 Emlak:<\/strong> Yabanc\u0131 yat\u0131r\u0131mc\u0131lara y\u00f6nelik \u00f6zel gayrimenkul \u00e7\u00f6z\u00fcmleri<\/li>\n<\/ul>\n<h3 data-start=\"1683\" data-end=\"1721\"><strong data-start=\"1687\" data-end=\"1719\">Ba\u015far\u0131lar\u0131m\u0131z ve \u00d6d\u00fcllerimiz<\/strong><\/h3>\n<p data-start=\"1722\" data-end=\"2107\">Kuruldu\u011fumuz g\u00fcnden itibaren ba\u015far\u0131lar\u0131m\u0131zla sekt\u00f6rde fark yaratmaya devam ediyoruz:<br data-start=\"1806\" data-end=\"1809\" \/>&#x2705; <strong data-start=\"1811\" data-end=\"1877\">2021 y\u0131l\u0131nda Alanya\u2019da kendi meslek kodumuzda Vergi Rekortmeni<\/strong> olduk.<br data-start=\"1884\" data-end=\"1887\" \/>&#x2705; <strong data-start=\"1889\" data-end=\"1937\">2023 y\u0131l\u0131nda Engelsiz Ya\u015fam Vakf\u0131 taraf\u0131ndan<\/strong> Antalya b\u00f6lgesinde <strong data-start=\"1957\" data-end=\"1991\">en h\u0131zl\u0131 b\u00fcy\u00fcyen emlak firmas\u0131<\/strong> \u00f6d\u00fcl\u00fcne lay\u0131k g\u00f6r\u00fcld\u00fck.<br data-start=\"2015\" data-end=\"2018\" \/>Bu ba\u015far\u0131lar, m\u00fc\u015fteri odakl\u0131 yakla\u015f\u0131m\u0131m\u0131z\u0131n ve profesyonel ekibimizin bir yans\u0131mas\u0131d\u0131r.<\/p>\n<h3 data-start=\"2109\" data-end=\"2132\"><strong data-start=\"2113\" data-end=\"2130\">Kurucular\u0131m\u0131z<\/strong><\/h3>\n<p data-start=\"2133\" data-end=\"2259\">Redtower Property Investment\u2019\u0131n ba\u015far\u0131 hik\u00e2yesinin arkas\u0131nda, sekt\u00f6rel tecr\u00fcbesi ve vizyonuyla iki g\u00fc\u00e7l\u00fc isim bulunmaktad\u0131r:<\/p>\n<p data-start=\"2261\" data-end=\"2665\"><strong data-start=\"2261\" data-end=\"2277\">Toros \u00c7a\u011flar<\/strong> \u2013 Alanya do\u011fumlu olan Toros \u00c7a\u011flar, Anadolu \u00dcniversitesi Halkla \u0130li\u015fkiler ve Kamu Y\u00f6netimi b\u00f6l\u00fcmlerinden mezundur. 15 y\u0131ll\u0131k hukuk dan\u0131\u015fmanl\u0131\u011f\u0131 tecr\u00fcbesi ile gayrimenkul sekt\u00f6r\u00fcne sa\u011flam bir altyap\u0131 ve etik bak\u0131\u015f a\u00e7\u0131s\u0131 kazand\u0131rm\u0131\u015ft\u0131r. 2020 y\u0131l\u0131nda babas\u0131n\u0131n mesle\u011fi olan emlak sekt\u00f6r\u00fcne giri\u015f yaparak, hukuku ve ticareti birle\u015ftirme vizyonuyla Redtower Property Investment\u2019\u0131 kurmu\u015ftur.<\/p>\n<p data-start=\"2667\" data-end=\"3000\"><strong data-start=\"2667\" data-end=\"2684\">Hasan Ci\u011ferci<\/strong> \u2013 Alanya\u2019da do\u011fup b\u00fcy\u00fcyen Hasan Ci\u011ferci, 15 ya\u015f\u0131ndan itibaren ticaretle ilgilenmi\u015f ve b\u00f6lgenin en b\u00fcy\u00fck mobilya firmalar\u0131nda y\u00f6neticilik yapm\u0131\u015ft\u0131r. 20 y\u0131ll\u0131k i\u015f deneyimi ile m\u00fc\u015fteri memnuniyetini merkeze alan bir hizmet anlay\u0131\u015f\u0131n\u0131 benimsemi\u015f, bu tecr\u00fcbesini Redtower Property Investment\u2019\u0131n ba\u015far\u0131s\u0131na aktarm\u0131\u015ft\u0131r.<\/p>\n<h3 data-start=\"3002\" data-end=\"3047\"><strong data-start=\"3006\" data-end=\"3045\">Neden Redtower Property Investment?<\/strong><\/h3>\n<p data-start=\"3048\" data-end=\"3432\">&#x2714; <strong data-start=\"3050\" data-end=\"3080\">G\u00fcvenilir ve \u015eeffaf Hizmet<\/strong> \u2013 M\u00fc\u015fterilerimize d\u00fcr\u00fcst, a\u00e7\u0131k ve g\u00fcvenilir bir hizmet sunuyoruz.<br data-start=\"3146\" data-end=\"3149\" \/>&#x2714; <strong data-start=\"3151\" data-end=\"3177\">Uzman Kadro ve Deneyim<\/strong> \u2013 Gayrimenkul sekt\u00f6r\u00fcnde g\u00fc\u00e7l\u00fc bir ekiple \u00e7al\u0131\u015f\u0131yoruz.<br data-start=\"3232\" data-end=\"3235\" \/>&#x2714; <strong data-start=\"3237\" data-end=\"3264\">Yat\u0131r\u0131m Odakl\u0131 Yakla\u015f\u0131m<\/strong> \u2013 En iyi yat\u0131r\u0131m f\u0131rsatlar\u0131n\u0131 analiz ederek sunuyoruz.<br data-start=\"3319\" data-end=\"3322\" \/>&#x2714; <strong data-start=\"3324\" data-end=\"3347\">M\u00fc\u015fteri Memnuniyeti<\/strong> \u2013 Sadece sat\u0131\u015f yapmak de\u011fil, uzun vadeli m\u00fc\u015fteri ili\u015fkileri kurmak \u00f6nceli\u011fimizdir.<\/p>\n<p data-start=\"3434\" data-end=\"3581\" data-is-last-node=\"\" data-is-only-node=\"\">Sizleri Redtower Property Investment ailesinin bir par\u00e7as\u0131 olmaya ve hayallerinizdeki gayrimenkul yat\u0131r\u0131mlar\u0131n\u0131 ger\u00e7ekle\u015ftirmeye davet ediyoruz!<\/p>\n<p>[\/vc_column_text][\/vc_column][vc_column width=&#8221;1\/2&#8243;][vc_single_image image=&#8221;49477&#8243; img_size=&#8221;full&#8221;][vc_single_image image=&#8221;49482&#8243; img_size=&#8221;full&#8221;][vc_single_image image=&#8221;49479&#8243; img_size=&#8221;full&#8221;][vc_single_image image=&#8221;49480&#8243; img_size=&#8221;full&#8221;][vc_single_image image=&#8221;49470&#8243; img_size=&#8221;full&#8221;][vc_single_image image=&#8221;49481&#8243; img_size=&#8221;full&#8221;][vc_single_image image=&#8221;49478&#8243; img_size=&#8221;full&#8221;][vc_single_image image=&#8221;49483&#8243; img_size=&#8221;full&#8221;][vc_single_image image=&#8221;49485&#8243; img_size=&#8221;full&#8221;][vc_single_image image=&#8221;49489&#8243; img_size=&#8221;full&#8221;][vc_single_image image=&#8221;49475&#8243; img_size=&#8221;full&#8221;][vc_single_image image=&#8221;49487&#8243; img_size=&#8221;full&#8221;][vc_single_image image=&#8221;49486&#8243; img_size=&#8221;full&#8221;][vc_single_image image=&#8221;49487&#8243; img_size=&#8221;full&#8221;][vc_single_image image=&#8221;49471&#8243; img_size=&#8221;full&#8221;][vc_single_image image=&#8221;49472&#8243; img_size=&#8221;full&#8221;][vc_single_image image=&#8221;49473&#8243; img_size=&#8221;full&#8221;][vc_single_image image=&#8221;49474&#8243; img_size=&#8221;full&#8221;][vc_single_image image=&#8221;49488&#8243; img_size=&#8221;full&#8221;][\/vc_column][\/vc_row][vc_row][vc_column el_class=&#8221;listing-form-area&#8221;]<div class=\"hero text-left\">Size \u00d6zel Portf\u00f6y Sunumu i\u00e7in \u0130rtibata Ge\u00e7iniz.<\/div><div class=\"desc subhead\">A\u015fa\u011f\u0131daki Mail Formuna Bilgilerinizi Girin, Dan\u0131\u015fmanlar\u0131m\u0131z Size Detayl\u0131 Bilgi Versin.<\/div>\n<div class=\"wpcf7 no-js\" id=\"wpcf7-f18785-o2\" lang=\"en-US\" dir=\"ltr\" data-wpcf7-id=\"18785\">\n<div class=\"screen-reader-response\"><p role=\"status\" aria-live=\"polite\" aria-atomic=\"true\"><\/p> <ul><\/ul><\/div>\n<form action=\"\/tr\/wp-json\/wp\/v2\/pages\/1311#wpcf7-f18785-o2\" method=\"post\" class=\"wpcf7-form init\" aria-label=\"Contact form\" novalidate=\"novalidate\" data-status=\"init\">\n<fieldset class=\"hidden-fields-container\"><input type=\"hidden\" name=\"_wpcf7\" value=\"18785\" \/><input type=\"hidden\" name=\"_wpcf7_version\" value=\"6.1.5\" \/><input type=\"hidden\" name=\"_wpcf7_locale\" value=\"en_US\" \/><input type=\"hidden\" name=\"_wpcf7_unit_tag\" value=\"wpcf7-f18785-o2\" \/><input type=\"hidden\" name=\"_wpcf7_container_post\" value=\"0\" \/><input type=\"hidden\" name=\"_wpcf7_posted_data_hash\" value=\"\" \/><input type=\"hidden\" name=\"_wpcf7_recaptcha_response\" value=\"\" \/>\n<\/fieldset>\n<div class=\"fields fields-3\">\n\t<p><span class=\"wpcf7-form-control-wrap\" data-name=\"your-name\"><input size=\"40\" maxlength=\"400\" class=\"wpcf7-form-control wpcf7-text wpcf7-validates-as-required name\" aria-required=\"true\" aria-invalid=\"false\" placeholder=\"\u0130sim*\" value=\"\" type=\"text\" name=\"your-name\" \/><\/span><br \/>\n<span class=\"wpcf7-form-control-wrap\" data-name=\"your-email\"><input size=\"40\" maxlength=\"400\" class=\"wpcf7-form-control wpcf7-email wpcf7-validates-as-required wpcf7-text wpcf7-validates-as-email email\" aria-required=\"true\" aria-invalid=\"false\" placeholder=\"E-Mail*\" value=\"\" type=\"email\" name=\"your-email\" \/><\/span><br \/>\n<span class=\"wpcf7-form-control-wrap\" data-name=\"your-phone\"><input size=\"40\" maxlength=\"400\" class=\"wpcf7-form-control wpcf7-tel wpcf7-text wpcf7-validates-as-tel phone\" aria-invalid=\"false\" placeholder=\"Telefon\" value=\"\" type=\"tel\" name=\"your-phone\" \/><\/span>\n\t<\/p>\n<\/div>\n<div class=\"fields fields-odd\">\n\t<p><span class=\"wpcf7-form-control-wrap\" data-name=\"your-question\"><input size=\"40\" maxlength=\"400\" class=\"wpcf7-form-control wpcf7-text wpcf7-validates-as-required question\" aria-required=\"true\" aria-invalid=\"false\" placeholder=\"Sorunuz?\" value=\"\" type=\"text\" name=\"your-question\" \/><\/span><br \/>\n<input class=\"wpcf7-form-control wpcf7-submit has-spinner\" type=\"submit\" value=\"G\u00d6NDER\" \/>\n\t<\/p>\n<\/div><div class=\"wpcf7-response-output\" aria-hidden=\"true\"><\/div>\n<\/form>\n<\/div>\n[vc_empty_space][\/vc_column][\/vc_row]<\/p>","protected":false},"excerpt":{"rendered":"<p>[vc_row][vc_column width=&#8221;1\/2&#8243;][vc_column_text] Vizyonumuz Redtower Property Investment olarak vizyonumuz, T\u00fcrkiye\u2019de ve uluslararas\u0131 arenada g\u00fcvenilir, yenilik\u00e7i ve s\u00fcrd\u00fcr\u00fclebilir yat\u0131r\u0131mlara \u00f6nc\u00fcl\u00fck eden lider bir gayrimenkul firmas\u0131 olmakt\u0131r. M\u00fc\u015fterilerimize sadece bir m\u00fclk de\u011fil, ya\u015fam kalitesini art\u0131ran, de\u011fer kazanan ve gelece\u011fe yat\u0131r\u0131m imk\u00e2n\u0131 sunan projeler geli\u015ftirmek en b\u00fcy\u00fck hedefimizdir. Misyonumuz Misyonumuz, etik de\u011ferlerden \u00f6d\u00fcn vermeden, m\u00fc\u015fteri odakl\u0131 ve kaliteli hizmet [&hellip;]<\/p>\n","protected":false},"author":5,"featured_media":49470,"parent":0,"menu_order":0,"comment_status":"closed","ping_status":"closed","template":"","meta":{"inline_featured_image":false,"footnotes":""},"class_list":["post-1311","page","type-page","status-publish","has-post-thumbnail","hentry"],"_links":{"self":[{"href":"https:\/\/redtowerproperty.com\/tr\/wp-json\/wp\/v2\/pages\/1311","targetHints":{"allow":["GET"]}}],"collection":[{"href":"https:\/\/redtowerproperty.com\/tr\/wp-json\/wp\/v2\/pages"}],"about":[{"href":"https:\/\/redtowerproperty.com\/tr\/wp-json\/wp\/v2\/types\/page"}],"author":[{"embeddable":true,"href":"https:\/\/redtowerproperty.com\/tr\/wp-json\/wp\/v2\/users\/5"}],"replies":[{"embeddable":true,"href":"https:\/\/redtowerproperty.com\/tr\/wp-json\/wp\/v2\/comments?post=1311"}],"version-history":[{"count":3,"href":"https:\/\/redtowerproperty.com\/tr\/wp-json\/wp\/v2\/pages\/1311\/revisions"}],"predecessor-version":[{"id":49493,"href":"https:\/\/redtowerproperty.com\/tr\/wp-json\/wp\/v2\/pages\/1311\/revisions\/49493"}],"wp:featuredmedia":[{"embeddable":true,"href":"https:\/\/redtowerproperty.com\/tr\/wp-json\/wp\/v2\/media\/49470"}],"wp:attachment":[{"href":"https:\/\/redtowerproperty.com\/tr\/wp-json\/wp\/v2\/media?parent=1311"}],"curies":[{"name":"wp","href":"https:\/\/api.w.org\/{rel}","templated":true}]}}