{"id":19176,"date":"2022-09-26T14:35:07","date_gmt":"2022-09-26T11:35:07","guid":{"rendered":"https:\/\/redtowerproperty.com\/?page_id=19176"},"modified":"2023-08-22T19:32:57","modified_gmt":"2023-08-22T16:32:57","slug":"hot-sale-deals","status":"publish","type":"page","link":"https:\/\/redtowerproperty.com\/tr\/hot-sale-deals\/","title":{"rendered":"\u00d6ne \u00e7\u0131kan emlaklar"},"content":{"rendered":"","protected":false},"excerpt":{"rendered":"","protected":false},"author":5,"featured_media":0,"parent":0,"menu_order":0,"comment_status":"closed","ping_status":"closed","template":"page-estate_listing.php","meta":{"inline_featured_image":false,"footnotes":""},"class_list":["post-19176","page","type-page","status-publish","hentry"],"_links":{"self":[{"href":"https:\/\/redtowerproperty.com\/tr\/wp-json\/wp\/v2\/pages\/19176","targetHints":{"allow":["GET"]}}],"collection":[{"href":"https:\/\/redtowerproperty.com\/tr\/wp-json\/wp\/v2\/pages"}],"about":[{"href":"https:\/\/redtowerproperty.com\/tr\/wp-json\/wp\/v2\/types\/page"}],"author":[{"embeddable":true,"href":"https:\/\/redtowerproperty.com\/tr\/wp-json\/wp\/v2\/users\/5"}],"replies":[{"embeddable":true,"href":"https:\/\/redtowerproperty.com\/tr\/wp-json\/wp\/v2\/comments?post=19176"}],"version-history":[{"count":0,"href":"https:\/\/redtowerproperty.com\/tr\/wp-json\/wp\/v2\/pages\/19176\/revisions"}],"wp:attachment":[{"href":"https:\/\/redtowerproperty.com\/tr\/wp-json\/wp\/v2\/media?parent=19176"}],"curies":[{"name":"wp","href":"https:\/\/api.w.org\/{rel}","templated":true}]}}