{"id":2127,"date":"2022-02-26T14:44:20","date_gmt":"2022-02-26T11:44:20","guid":{"rendered":"https:\/\/redtowerproperty.com\/?page_id=2127"},"modified":"2025-02-21T21:16:02","modified_gmt":"2025-02-21T18:16:02","slug":"services-template","status":"publish","type":"page","link":"https:\/\/redtowerproperty.com\/tr\/services-template\/","title":{"rendered":"Hizmetlerimiz"},"content":{"rendered":"<p>[vc_row full_width=&#8221;stretch_row&#8221; css=&#8221;.vc_custom_1672669470759{background: #ffffff url(https:\/\/redtowerproperty.com\/wp-content\/uploads\/2022\/02\/christin-hume-Hcfwew744z4-unsplash-scaled.jpg?id=2129) !important;background-position: center !important;background-repeat: no-repeat !important;background-size: cover !important;}&#8221;][vc_column width=&#8221;1\/6&#8243; offset=&#8221;vc_hidden-md&#8221;][vc_single_image image=&#8221;22372&#8243; img_size=&#8221;full&#8221; alignment=&#8221;center&#8221;][\/vc_column][vc_column width=&#8221;2\/3&#8243;][vc_column_text]<strong>Gayrimenkul Al\u0131m\u0131nda Sunum ve Rehberlik<\/strong>[\/vc_column_text][vc_column_text]M\u00fc\u015fterilerimize do\u011fru projeden ev almalar\u0131 i\u00e7in \u00f6ncelikle ofisimiz de sunum yapt\u0131ktan sonra be\u011fenilen ve se\u00e7ilen her projeyi yerinde g\u00f6rme a\u015famas\u0131nda yard\u0131mc\u0131 oluyoruz.[\/vc_column_text][\/vc_column][\/vc_row][vc_row full_width=&#8221;stretch_row&#8221; css=&#8221;.vc_custom_1672669470759{background: #ffffff url(https:\/\/redtowerproperty.com\/wp-content\/uploads\/2022\/02\/christin-hume-Hcfwew744z4-unsplash-scaled.jpg?id=2129) !important;background-position: center !important;background-repeat: no-repeat !important;background-size: cover !important;}&#8221;][vc_column width=&#8221;1\/6&#8243;][vc_single_image image=&#8221;22292&#8243; img_size=&#8221;full&#8221; alignment=&#8221;center&#8221;][\/vc_column][vc_column width=&#8221;2\/3&#8243;][vc_column_text]<strong>Vergi Kimlik Numaras\u0131 Edinme<\/strong>[\/vc_column_text][vc_column_text]Yabanc\u0131 uyruklu m\u00fc\u015fterilerimizin tapu, banka ve para al\u0131\u015fveri\u015f i\u015flemleri i\u00e7in vergi kimlik numaras\u0131 almas\u0131 zorunludur. Bu konuda m\u00fc\u015fterilerimizi yaln\u0131z b\u0131rakm\u0131yoruz ve gerekli i\u015flemleri beraber yap\u0131yoruz.[\/vc_column_text][\/vc_column][\/vc_row][vc_row full_width=&#8221;stretch_row&#8221; css=&#8221;.vc_custom_1672669470759{background: #ffffff url(https:\/\/redtowerproperty.com\/wp-content\/uploads\/2022\/02\/christin-hume-Hcfwew744z4-unsplash-scaled.jpg?id=2129) !important;background-position: center !important;background-repeat: no-repeat !important;background-size: cover !important;}&#8221;][vc_column width=&#8221;1\/6&#8243;][vc_single_image image=&#8221;22344&#8243; img_size=&#8221;full&#8221; alignment=&#8221;center&#8221;][\/vc_column][vc_column width=&#8221;2\/3&#8243;][vc_column_text]<strong>Banka Hesab\u0131 A\u00e7ma<\/strong>[\/vc_column_text][vc_column_text]Vergi Kimlik numaran\u0131z\u0131 ald\u0131ktan sonra tapu da para al\u0131\u015fveri\u015fi sa\u011flamak ya da d\u00f6viz i\u015flemlerini yapmak i\u00e7in banka hesab\u0131 a\u00e7ma konusunda sizlere refakat ediyoruz.[\/vc_column_text][\/vc_column][\/vc_row][vc_row full_width=&#8221;stretch_row&#8221; css=&#8221;.vc_custom_1672669470759{background: #ffffff url(https:\/\/redtowerproperty.com\/wp-content\/uploads\/2022\/02\/christin-hume-Hcfwew744z4-unsplash-scaled.jpg?id=2129) !important;background-position: center !important;background-repeat: no-repeat !important;background-size: cover !important;}&#8221;][vc_column width=&#8221;1\/6&#8243;][vc_single_image image=&#8221;22346&#8243; img_size=&#8221;full&#8221; alignment=&#8221;center&#8221;][\/vc_column][vc_column width=&#8221;2\/3&#8243;][vc_column_text]<strong>S\u00f6zle\u015fme S\u00fcrecinin Y\u00f6netimi<\/strong>[\/vc_column_text][vc_column_text]Hayal etti\u011finiz daireyi be\u011fendikten sonra sat\u0131c\u0131larla yap\u0131lacak olan s\u00f6zle\u015fme s\u00fcrecini tamamen biz y\u00f6netiyoruz. \u0130stedi\u011finiz taktirde profesyonel ekibimize vekalet vererek s\u00fcreci h\u0131zland\u0131rabilirsiniz.[\/vc_column_text][\/vc_column][\/vc_row][vc_row full_width=&#8221;stretch_row&#8221; css=&#8221;.vc_custom_1672669470759{background: #ffffff url(https:\/\/redtowerproperty.com\/wp-content\/uploads\/2022\/02\/christin-hume-Hcfwew744z4-unsplash-scaled.jpg?id=2129) !important;background-position: center !important;background-repeat: no-repeat !important;background-size: cover !important;}&#8221;][vc_column width=&#8221;1\/6&#8243;][vc_single_image image=&#8221;22390&#8243; img_size=&#8221;full&#8221; alignment=&#8221;center&#8221;][\/vc_column][vc_column width=&#8221;2\/3&#8243;][vc_column_text]<strong>Gayrimenkul Ekspertiz \u0130\u015flemleri<\/strong>[\/vc_column_text][vc_column_text]T\u00fcrkiye\u2019de bir gayrimenkul al\u0131nmadan \u00f6nce de\u011ferleme raporu yap\u0131lmas\u0131 zorunludur. Ekspertiz de\u011ferleme raporu yap\u0131l\u0131\u015f a\u015famalar\u0131 bizim kontrol\u00fcm\u00fczde ilerlemektedir.[\/vc_column_text][\/vc_column][\/vc_row][vc_row full_width=&#8221;stretch_row&#8221; css=&#8221;.vc_custom_1672669470759{background: #ffffff url(https:\/\/redtowerproperty.com\/wp-content\/uploads\/2022\/02\/christin-hume-Hcfwew744z4-unsplash-scaled.jpg?id=2129) !important;background-position: center !important;background-repeat: no-repeat !important;background-size: cover !important;}&#8221;][vc_column width=&#8221;1\/6&#8243;][vc_single_image image=&#8221;22396&#8243; img_size=&#8221;full&#8221; alignment=&#8221;center&#8221;][\/vc_column][vc_column width=&#8221;2\/3&#8243;][vc_column_text]<strong>Tapu \u0130\u015flemleriyle Alakal\u0131 Dan\u0131\u015fmanl\u0131k<\/strong>[\/vc_column_text][vc_column_text]Gayrimenkul al\u0131rken Tapu ve Kadastro M\u00fcd\u00fcrl\u00fcklerinde yap\u0131lan i\u015flemler de tapu i\u00e7in gerekli evraklar\u0131n teminini ve teslimini yaparak tapu ba\u015fvurusunu WEBTAPU \u00fczerinden ger\u00e7ekle\u015ftiriyoruz.[\/vc_column_text][\/vc_column][\/vc_row][vc_row full_width=&#8221;stretch_row&#8221; css=&#8221;.vc_custom_1672669470759{background: #ffffff url(https:\/\/redtowerproperty.com\/wp-content\/uploads\/2022\/02\/christin-hume-Hcfwew744z4-unsplash-scaled.jpg?id=2129) !important;background-position: center !important;background-repeat: no-repeat !important;background-size: cover !important;}&#8221;][vc_column width=&#8221;1\/6&#8243;][vc_single_image image=&#8221;22414&#8243; img_size=&#8221;full&#8221; alignment=&#8221;center&#8221;][\/vc_column][vc_column width=&#8221;2\/3&#8243;][vc_column_text]<strong>Konut Sigortas\u0131<\/strong>[\/vc_column_text][vc_column_text]T\u00fcrkiye\u2019de gayrimenkul al\u0131m\u0131nda \u00f6zel konut sigortas\u0131n\u0131n yan\u0131 s\u0131ra deprem sigortas\u0131 (DASK) zorunlulu\u011fu bulunmaktad\u0131r. Sigorta i\u015flemlerini istedi\u011finiz taktirde sizin i\u00e7in ger\u00e7ekle\u015ftiriyoruz.[\/vc_column_text][\/vc_column][\/vc_row][vc_row full_width=&#8221;stretch_row&#8221; css=&#8221;.vc_custom_1672669470759{background: #ffffff url(https:\/\/redtowerproperty.com\/wp-content\/uploads\/2022\/02\/christin-hume-Hcfwew744z4-unsplash-scaled.jpg?id=2129) !important;background-position: center !important;background-repeat: no-repeat !important;background-size: cover !important;}&#8221;][vc_column width=&#8221;1\/6&#8243;][vc_single_image image=&#8221;22416&#8243; img_size=&#8221;full&#8221; alignment=&#8221;center&#8221;][\/vc_column][vc_column width=&#8221;2\/3&#8243;][vc_column_text]<strong>Abonelik Ba\u015fvurular\u0131<\/strong>[\/vc_column_text][vc_column_text]Gayrimenkul\u00fcn\u00fcz\u00fc ald\u0131ktan sonra ev de kullanaca\u011f\u0131n\u0131z elektrik, su ve internet gibi aboneliklere ba\u015fvurma konusunda da sizlere yard\u0131mc\u0131 olmaktay\u0131z.[\/vc_column_text][\/vc_column][\/vc_row][vc_row full_width=&#8221;stretch_row&#8221; css=&#8221;.vc_custom_1672669470759{background: #ffffff url(https:\/\/redtowerproperty.com\/wp-content\/uploads\/2022\/02\/christin-hume-Hcfwew744z4-unsplash-scaled.jpg?id=2129) !important;background-position: center !important;background-repeat: no-repeat !important;background-size: cover !important;}&#8221;][vc_column width=&#8221;1\/6&#8243;][vc_single_image image=&#8221;22424&#8243; img_size=&#8221;full&#8221; alignment=&#8221;center&#8221;][\/vc_column][vc_column width=&#8221;2\/3&#8243;][vc_column_text]<strong>Avukatl\u0131k Hizmetleri<\/strong>[\/vc_column_text][vc_column_text]\u0130ster gayrimenkul al\u0131m-sat\u0131m s\u00fcrecinde, isterseniz de \u00f6zel konular\u0131n\u0131z da sizlere \u015firketimiz i\u00e7in hizmet veren avukatlar arac\u0131l\u0131\u011f\u0131yla yard\u0131mc\u0131 olmaktan mutluluk duyar\u0131z.[\/vc_column_text][\/vc_column][\/vc_row]<\/p>","protected":false},"excerpt":{"rendered":"<p>[vc_row full_width=&#8221;stretch_row&#8221; css=&#8221;.vc_custom_1672669470759{background: #ffffff url(https:\/\/redtowerproperty.com\/wp-content\/uploads\/2022\/02\/christin-hume-Hcfwew744z4-unsplash-scaled.jpg?id=2129) !important;background-position: center !important;background-repeat: no-repeat !important;background-size: cover !important;}&#8221;][vc_column width=&#8221;1\/6&#8243; offset=&#8221;vc_hidden-md&#8221;][vc_single_image image=&#8221;22372&#8243; img_size=&#8221;full&#8221; alignment=&#8221;center&#8221;][\/vc_column][vc_column width=&#8221;2\/3&#8243;][vc_column_text]Gayrimenkul Al\u0131m\u0131nda Sunum ve Rehberlik[\/vc_column_text][vc_column_text]M\u00fc\u015fterilerimize do\u011fru projeden ev almalar\u0131 i\u00e7in \u00f6ncelikle ofisimiz de sunum yapt\u0131ktan sonra be\u011fenilen ve se\u00e7ilen her projeyi yerinde g\u00f6rme a\u015famas\u0131nda yard\u0131mc\u0131 oluyoruz.[\/vc_column_text][\/vc_column][\/vc_row][vc_row full_width=&#8221;stretch_row&#8221; css=&#8221;.vc_custom_1672669470759{background: #ffffff url(https:\/\/redtowerproperty.com\/wp-content\/uploads\/2022\/02\/christin-hume-Hcfwew744z4-unsplash-scaled.jpg?id=2129) !important;background-position: center !important;background-repeat: no-repeat !important;background-size: cover !important;}&#8221;][vc_column width=&#8221;1\/6&#8243;][vc_single_image [&hellip;]<\/p>\n","protected":false},"author":5,"featured_media":0,"parent":0,"menu_order":0,"comment_status":"closed","ping_status":"closed","template":"","meta":{"inline_featured_image":false,"footnotes":""},"class_list":["post-2127","page","type-page","status-publish","hentry"],"_links":{"self":[{"href":"https:\/\/redtowerproperty.com\/tr\/wp-json\/wp\/v2\/pages\/2127","targetHints":{"allow":["GET"]}}],"collection":[{"href":"https:\/\/redtowerproperty.com\/tr\/wp-json\/wp\/v2\/pages"}],"about":[{"href":"https:\/\/redtowerproperty.com\/tr\/wp-json\/wp\/v2\/types\/page"}],"author":[{"embeddable":true,"href":"https:\/\/redtowerproperty.com\/tr\/wp-json\/wp\/v2\/users\/5"}],"replies":[{"embeddable":true,"href":"https:\/\/redtowerproperty.com\/tr\/wp-json\/wp\/v2\/comments?post=2127"}],"version-history":[{"count":1,"href":"https:\/\/redtowerproperty.com\/tr\/wp-json\/wp\/v2\/pages\/2127\/revisions"}],"predecessor-version":[{"id":48729,"href":"https:\/\/redtowerproperty.com\/tr\/wp-json\/wp\/v2\/pages\/2127\/revisions\/48729"}],"wp:attachment":[{"href":"https:\/\/redtowerproperty.com\/tr\/wp-json\/wp\/v2\/media?parent=2127"}],"curies":[{"name":"wp","href":"https:\/\/api.w.org\/{rel}","templated":true}]}}