{"id":27725,"date":"2023-04-02T20:01:18","date_gmt":"2023-04-02T17:01:18","guid":{"rendered":"https:\/\/redtowerproperty.com\/?page_id=27725"},"modified":"2025-02-01T14:28:16","modified_gmt":"2025-02-01T11:28:16","slug":"compare","status":"publish","type":"page","link":"https:\/\/redtowerproperty.com\/tr\/compare\/","title":{"rendered":"Kar\u015f\u0131la\u015ft\u0131r"},"content":{"rendered":"<p>[vc_row][vc_column]            <style>\n                .estate .estate-image img {\n                    width: 300px;\n                    height: 150px;\n                    object-fit: cover !important;\n                    min-width: 300px;\n                }\n\n                .estate .title {\n                    margin: 15px 0px;\n                }\n\n                .estate a { }\n                .estate .check { color: green; }\n                .estate .times { color: rgba(204, 51, 51, 1);}\n                .estate-row {\n                   border-bottom: 1px #ccc solid;\n                       padding: 8px;\n                }\n                .estate-row.b {\n                    font-weight: 600;\n                     font-size: 24px;\n\n                }\n\n            <\/style>\n            <div class=\"table-responsive\">\n                <table class=\"table estate\">\n                   <tr>\n                        <td width=\"300px\">&nbsp;<\/td>\n                                           <\/tr>\n                   <tr>\n                        <td>\n                          <div class=\"row\">\n                            <div class=\"col-12 head estate-row b\">Fiyat<\/div>\n                            <div class=\"col-12 head estate-row\">Konum<\/div>\n                            <div class=\"col-12 head estate-row\">Oda T\u00fcr\u00fc<\/div>\n                            <div class=\"col-12 head estate-row\">Banyo<\/div>\n                            <div class=\"col-12 head estate-row\">Balkon<\/div>\n                            <div class=\"col-12 head estate-row\">Boyut<\/div>\n                            <div class=\"col-12 head estate-row\">Y\u0131l<\/div>\n                                                            <div class=\"col-12 head estate-row b\">De\u011ferli \u00d6zellikler<\/div>\n                                                                <div class=\"col-12 head estate-row\">Kale Manzaras\u0131<\/div>\n                                                                <div class=\"col-12 head estate-row\">Fitness Room<\/div>\n                                                                <div class=\"col-12 head estate-row\">Kapal\u0131 Havuz<\/div>\n                                                                <div class=\"col-12 head estate-row\">Denize yak\u0131n<\/div>\n                                                                <div class=\"col-12 head estate-row\">Sauna Odas\u0131<\/div>\n                                                                <div class=\"col-12 head estate-row\">Deniz Manzaras\u0131<\/div>\n                                                                <div class=\"col-12 head estate-row\">Yat\u0131r\u0131ma Uygun<\/div>\n                                                                <div class=\"col-12 head estate-row\">Tennis Kortu<\/div>\n                                                                <div class=\"col-12 head estate-row\">T\u00fcrk Hamam\u0131<\/div>\n                                                                <div class=\"col-12 head estate-row b\">D\u0131\u015f \u00d6zellikler<\/div>\n                                                                <div class=\"col-12 head estate-row\">A\u00e7\u0131k Havuz<\/div>\n                                                                <div class=\"col-12 head estate-row\">Aquapark<\/div>\n                                                                <div class=\"col-12 head estate-row\">Basketbol Sahas\u0131<\/div>\n                                                                <div class=\"col-12 head estate-row\">Barbek\u00fc<\/div>\n                                                                <div class=\"col-12 head estate-row\">Plaj Servisi<\/div>\n                                                                <div class=\"col-12 head estate-row\">Bilardo<\/div>\n                                                                <div class=\"col-12 head estate-row\">Kap\u0131c\u0131<\/div>\n                                                                <div class=\"col-12 head estate-row\">Kablolu Tv<\/div>\n                                                                <div class=\"col-12 head estate-row\">Kafe<\/div>\n                                                                <div class=\"col-12 head estate-row\">Kamelya<\/div>\n                                                                <div class=\"col-12 head estate-row\">\u00c7ocuk Park\u0131<\/div>\n                                                                <div class=\"col-12 head estate-row\">\u00c7ocuk Oyun Odas\u0131<\/div>\n                                                                <div class=\"col-12 head estate-row\">\u00c7ocuk Y\u00fczme Havusu<\/div>\n                                                                <div class=\"col-12 head estate-row\">Sinema<\/div>\n                                                                <div class=\"col-12 head estate-row\">Elektrikli Ara\u00e7 \u015earj \u0130stasyonu<\/div>\n                                                                <div class=\"col-12 head estate-row\">Asans\u00f6r<\/div>\n                                                                <div class=\"col-12 head estate-row\">E\u011flence Odas\u0131<\/div>\n                                                                <div class=\"col-12 head estate-row\">Yang\u0131n Merdiveni<\/div>\n                                                                <div class=\"col-12 head estate-row\">Yang\u0131n Sens\u00f6r\u00fc<\/div>\n                                                                <div class=\"col-12 head estate-row\">Fitness<\/div>\n                                                                <div class=\"col-12 head estate-row\">Futbol Sahas\u0131<\/div>\n                                                                <div class=\"col-12 head estate-row\">Oyun Odas\u0131<\/div>\n                                                                <div class=\"col-12 head estate-row\">Bah\u00e7e<\/div>\n                                                                <div class=\"col-12 head estate-row\">Jenerat\u00f6r<\/div>\n                                                                <div class=\"col-12 head estate-row\">Kapal\u0131 Havuz<\/div>\n                                                                <div class=\"col-12 head estate-row\">K\u00fct\u00fcphane<\/div>\n                                                                <div class=\"col-12 head estate-row\">Lobi<\/div>\n                                                                <div class=\"col-12 head estate-row\">Masaj Odas\u0131<\/div>\n                                                                <div class=\"col-12 head estate-row\">Toplant\u0131 Odas\u0131<\/div>\n                                                                <div class=\"col-12 head estate-row\">A\u00e7\u0131k Otopark<\/div>\n                                                                <div class=\"col-12 head estate-row\">Pool Bar<\/div>\n                                                                <div class=\"col-12 head estate-row\">\u00d6zel Garaj<\/div>\n                                                                <div class=\"col-12 head estate-row\">\u00d6zel Bah\u00e7e<\/div>\n                                                                <div class=\"col-12 head estate-row\">\u00d6zel Havuz<\/div>\n                                                                <div class=\"col-12 head estate-row\">Genel WiFi<\/div>\n                                                                <div class=\"col-12 head estate-row\">Dinlenme Odas\u0131<\/div>\n                                                                <div class=\"col-12 head estate-row\">Restoran<\/div>\n                                                                <div class=\"col-12 head estate-row\">Sauna<\/div>\n                                                                <div class=\"col-12 head estate-row\">G\u00fcvenlik Kamera Sistemi<\/div>\n                                                                <div class=\"col-12 head estate-row\">G\u00fcvenlik G\u00f6revlisi<\/div>\n                                                                <div class=\"col-12 head estate-row\">G\u00fcne\u015f Enerji Sistemi<\/div>\n                                                                <div class=\"col-12 head estate-row\">Spa<\/div>\n                                                                <div class=\"col-12 head estate-row\">Buhar Odas\u0131<\/div>\n                                                                <div class=\"col-12 head estate-row\">Depo<\/div>\n                                                                <div class=\"col-12 head estate-row\">Masa Tenisi<\/div>\n                                                                <div class=\"col-12 head estate-row\">Tennis Kortu<\/div>\n                                                                <div class=\"col-12 head estate-row\">T\u00fcrk Hamam\u0131<\/div>\n                                                                <div class=\"col-12 head estate-row\">Y\u00fcr\u00fcy\u00fc\u015f Yolu<\/div>\n                                                                <div class=\"col-12 head estate-row\">Tekerlekli Sandalyeye Uygun<\/div>\n                                                                <div class=\"col-12 head estate-row b\">\u0130\u00e7 \u00d6zellikler<\/div>\n                                                                <div class=\"col-12 head estate-row\">Klima<\/div>\n                                                                <div class=\"col-12 head estate-row\">Al\u00fcminyum Pencereler<\/div>\n                                                                <div class=\"col-12 head estate-row\">Balkon<\/div>\n                                                                <div class=\"col-12 head estate-row\">Ankastre Mutfak Dolaplar\u0131<\/div>\n                                                                <div class=\"col-12 head estate-row\">Seramik Zemin<\/div>\n                                                                <div class=\"col-12 head estate-row\">\u00c7ift Caml\u0131 Pencere<\/div>\n                                                                <div class=\"col-12 head estate-row\">Giyinme odas\u0131<\/div>\n                                                                <div class=\"col-12 head estate-row\">\u015e\u00f6mine<\/div>\n                                                                <div class=\"col-12 head estate-row\">\u0130nterkom<\/div>\n                                                                <div class=\"col-12 head estate-row\">Jacuzzi<\/div>\n                                                                <div class=\"col-12 head estate-row\">Ebeveyn Banyosu<\/div>\n                                                                <div class=\"col-12 head estate-row\">Mobilya<\/div>\n                                                                <div class=\"col-12 head estate-row\">A\u00e7\u0131k Plan Mutfak Oturma Odas\u0131<\/div>\n                                                                <div class=\"col-12 head estate-row\">Daire \u0130\u00e7inde \u00d6zel Sauna<\/div>\n                                                                <div class=\"col-12 head estate-row\">PVC Pencere<\/div>\n                                                                <div class=\"col-12 head estate-row\">Ayr\u0131 Mutfak<\/div>\n                                                                <div class=\"col-12 head estate-row\">Du\u015fakabin<\/div>\n                                                                <div class=\"col-12 head estate-row\">Ak\u0131ll\u0131 Ev Sistemi<\/div>\n                                                                <div class=\"col-12 head estate-row\">Ses Yal\u0131t\u0131m\u0131<\/div>\n                                                                <div class=\"col-12 head estate-row\">Spot I\u015f\u0131klar\u0131<\/div>\n                                                                <div class=\"col-12 head estate-row\">\u00c7elik kap\u0131<\/div>\n                                                                <div class=\"col-12 head estate-row\">Asma Tavan<\/div>\n                                                                <div class=\"col-12 head estate-row\">Is\u0131 Yal\u0131t\u0131m\u0131<\/div>\n                                                                <div class=\"col-12 head estate-row\">Yerden Is\u0131tmal\u0131 Banyo<\/div>\n                                                                <div class=\"col-12 head estate-row\">Yerden Is\u0131tma Sistemi<\/div>\n                                                                <div class=\"col-12 head estate-row\">G\u00f6r\u00fcnt\u00fcl\u00fc interkom<\/div>\n                                                                <div class=\"col-12 head estate-row\">Duvar ka\u011f\u0131d\u0131<\/div>\n                                                                <div class=\"col-12 head estate-row\">Beyaz e\u015fya<\/div>\n                                                                <div class=\"col-12 head estate-row b\">Konum \u00d6zellikleri<\/div>\n                                                                <div class=\"col-12 head estate-row\">Alanya Manzaras\u0131<\/div>\n                                                                <div class=\"col-12 head estate-row\">E\u011flence merkezi<\/div>\n                                                                <div class=\"col-12 head estate-row\">\u00c7ar\u015f\u0131<\/div>\n                                                                <div class=\"col-12 head estate-row\">Sahil kenar\u0131<\/div>\n                                                                <div class=\"col-12 head estate-row\">B\u0130M<\/div>\n                                                                <div class=\"col-12 head estate-row\">Otob\u00fcs Dura\u011f\u0131<\/div>\n                                                                <div class=\"col-12 head estate-row\">Hastane<\/div>\n                                                                <div class=\"col-12 head estate-row\">Ko\u00e7ta\u015f<\/div>\n                                                                <div class=\"col-12 head estate-row\">Super Market<\/div>\n                                                                <div class=\"col-12 head estate-row\">Migros<\/div>\n                                                                <div class=\"col-12 head estate-row\">Do\u011fa Manzaras\u0131<\/div>\n                                                                <div class=\"col-12 head estate-row\">Oteller B\u00f6lgesi<\/div>\n                                                                <div class=\"col-12 head estate-row\">Eczane<\/div>\n                                                                <div class=\"col-12 head estate-row\">Halk Park\u0131<\/div>\n                                                                <div class=\"col-12 head estate-row\">Restoran<\/div>\n                                                                <div class=\"col-12 head estate-row\">Okul<\/div>\n                                                                <div class=\"col-12 head estate-row\">Deniz Manzaras\u0131<\/div>\n                                                                <div class=\"col-12 head estate-row\">\u015eehir Merkezi<\/div>\n                                                                <div class=\"col-12 head estate-row\">Villa B\u00f6lgesi<\/div>\n                                                          <\/div>\n                        <\/td>\n                                           <\/tr>\n                <\/table>\n            <\/div>\n        [\/vc_column][\/vc_row]<\/p>","protected":false},"excerpt":{"rendered":"<p>[vc_row][vc_column][\/vc_column][\/vc_row]<\/p>\n","protected":false},"author":5,"featured_media":0,"parent":0,"menu_order":0,"comment_status":"closed","ping_status":"closed","template":"","meta":{"inline_featured_image":false,"footnotes":""},"class_list":["post-27725","page","type-page","status-publish","hentry"],"_links":{"self":[{"href":"https:\/\/redtowerproperty.com\/tr\/wp-json\/wp\/v2\/pages\/27725","targetHints":{"allow":["GET"]}}],"collection":[{"href":"https:\/\/redtowerproperty.com\/tr\/wp-json\/wp\/v2\/pages"}],"about":[{"href":"https:\/\/redtowerproperty.com\/tr\/wp-json\/wp\/v2\/types\/page"}],"author":[{"embeddable":true,"href":"https:\/\/redtowerproperty.com\/tr\/wp-json\/wp\/v2\/users\/5"}],"replies":[{"embeddable":true,"href":"https:\/\/redtowerproperty.com\/tr\/wp-json\/wp\/v2\/comments?post=27725"}],"version-history":[{"count":1,"href":"https:\/\/redtowerproperty.com\/tr\/wp-json\/wp\/v2\/pages\/27725\/revisions"}],"predecessor-version":[{"id":48602,"href":"https:\/\/redtowerproperty.com\/tr\/wp-json\/wp\/v2\/pages\/27725\/revisions\/48602"}],"wp:attachment":[{"href":"https:\/\/redtowerproperty.com\/tr\/wp-json\/wp\/v2\/media?parent=27725"}],"curies":[{"name":"wp","href":"https:\/\/api.w.org\/{rel}","templated":true}]}}