{"id":28341,"date":"2023-04-17T10:02:36","date_gmt":"2023-04-17T07:02:36","guid":{"rendered":"https:\/\/redtowerproperty.com\/?page_id=28341"},"modified":"2025-02-24T16:21:26","modified_gmt":"2025-02-24T13:21:26","slug":"sell-your-property","status":"publish","type":"page","link":"https:\/\/redtowerproperty.com\/tr\/sell-your-property\/","title":{"rendered":"GAYR\u0130MENKUL\u00dcM\u00dc SATMAK \u0130ST\u0130YORUM"},"content":{"rendered":"<p>[vc_row][vc_column]<div class=\"hero default\">M\u00fclk\u00fcn\u00fcz\u00fc sat\u0131yoruz<\/div>[\/vc_column][\/vc_row][vc_row][vc_column][vc_column_text]<img loading=\"lazy\" decoding=\"async\" class=\"aligncenter wp-image-48750 size-full\" src=\"https:\/\/redtowerproperty.com\/wp-content\/uploads\/2025\/02\/GAYRIMENKULUNUZU-SATMAK-MI-ISTIYORSUNUZ.jpg\" alt=\"\" width=\"844\" height=\"1500\" srcset=\"https:\/\/redtowerproperty.com\/wp-content\/uploads\/2025\/02\/GAYRIMENKULUNUZU-SATMAK-MI-ISTIYORSUNUZ.jpg 844w, https:\/\/redtowerproperty.com\/wp-content\/uploads\/2025\/02\/GAYRIMENKULUNUZU-SATMAK-MI-ISTIYORSUNUZ-169x300.jpg 169w, https:\/\/redtowerproperty.com\/wp-content\/uploads\/2025\/02\/GAYRIMENKULUNUZU-SATMAK-MI-ISTIYORSUNUZ-576x1024.jpg 576w, https:\/\/redtowerproperty.com\/wp-content\/uploads\/2025\/02\/GAYRIMENKULUNUZU-SATMAK-MI-ISTIYORSUNUZ-768x1365.jpg 768w\" sizes=\"auto, (max-width: 844px) 100vw, 844px\" \/>[\/vc_column_text][\/vc_column][\/vc_row][vc_row][vc_column]\n<div class=\"wpcf7 no-js\" id=\"wpcf7-f18783-o2\" lang=\"en-US\" dir=\"ltr\" data-wpcf7-id=\"18783\">\n<div class=\"screen-reader-response\"><p role=\"status\" aria-live=\"polite\" aria-atomic=\"true\"><\/p> <ul><\/ul><\/div>\n<form action=\"\/tr\/wp-json\/wp\/v2\/pages\/28341#wpcf7-f18783-o2\" method=\"post\" class=\"wpcf7-form init\" aria-label=\"Contact form\" novalidate=\"novalidate\" data-status=\"init\">\n<fieldset class=\"hidden-fields-container\"><input type=\"hidden\" name=\"_wpcf7\" value=\"18783\" \/><input type=\"hidden\" name=\"_wpcf7_version\" value=\"6.1.5\" \/><input type=\"hidden\" name=\"_wpcf7_locale\" value=\"en_US\" \/><input type=\"hidden\" name=\"_wpcf7_unit_tag\" value=\"wpcf7-f18783-o2\" \/><input type=\"hidden\" name=\"_wpcf7_container_post\" value=\"0\" \/><input type=\"hidden\" name=\"_wpcf7_posted_data_hash\" value=\"\" \/><input type=\"hidden\" name=\"_wpcf7_recaptcha_response\" value=\"\" \/>\n<\/fieldset>\n<div class=\"nth-cf7\">\n\t<p><span class=\"wpcf7-form-control-wrap\" data-name=\"your-name\"><input size=\"40\" maxlength=\"400\" class=\"wpcf7-form-control wpcf7-text wpcf7-validates-as-required name\" aria-required=\"true\" aria-invalid=\"false\" placeholder=\"\u0130sim*\" value=\"\" type=\"text\" name=\"your-name\" \/><\/span><br \/>\n<span class=\"wpcf7-form-control-wrap\" data-name=\"your-email\"><input size=\"40\" maxlength=\"400\" class=\"wpcf7-form-control wpcf7-email wpcf7-validates-as-required wpcf7-text wpcf7-validates-as-email email\" aria-required=\"true\" aria-invalid=\"false\" placeholder=\"E-Mail*\" value=\"\" type=\"email\" name=\"your-email\" \/><\/span><br \/>\n<span class=\"wpcf7-form-control-wrap\" data-name=\"your-subject\"><input size=\"40\" maxlength=\"400\" class=\"wpcf7-form-control wpcf7-text wpcf7-validates-as-required name\" aria-required=\"true\" aria-invalid=\"false\" placeholder=\"Konu*\" value=\"\" type=\"text\" name=\"your-subject\" \/><\/span><br \/>\n<span class=\"wpcf7-form-control-wrap\" data-name=\"your-message\"><textarea cols=\"40\" rows=\"3\" maxlength=\"2000\" class=\"wpcf7-form-control wpcf7-textarea no-resize\" aria-invalid=\"false\" placeholder=\"Mesaj\u0131n\u0131z\" name=\"your-message\"><\/textarea><\/span>\n\t<\/p>\n<\/div>\n<div class=\"form-bottom\">\n\t<p><span class=\"wpcf7-form-control-wrap\" data-name=\"terms\"><span class=\"wpcf7-form-control wpcf7-checkbox wpcf7-validates-as-required\"><span class=\"wpcf7-list-item first last\"><label><input type=\"checkbox\" name=\"terms[]\" value=\"Websitenin\" \/><span class=\"wpcf7-list-item-label\">Websitenin<\/span><\/label><\/span><\/span><\/span><a target=\"_blank\" href=\"\/privacy-policy\/\">Kullan\u0131m \u015eartlar\u0131<\/a> okudum ve kabul ediyorum.\n\t<\/p>\n<\/div>\n<p><input class=\"wpcf7-form-control wpcf7-submit has-spinner btn btn-outline-success\" type=\"submit\" value=\"G\u00d6NDER\" \/>\n<\/p><div class=\"wpcf7-response-output\" aria-hidden=\"true\"><\/div>\n<\/form>\n<\/div>\n[\/vc_column][\/vc_row]<\/p>","protected":false},"excerpt":{"rendered":"<p>[vc_row][vc_column][\/vc_column][\/vc_row][vc_row][vc_column][vc_column_text][\/vc_column_text][\/vc_column][\/vc_row][vc_row][vc_column][\/vc_column][\/vc_row]<\/p>\n","protected":false},"author":5,"featured_media":0,"parent":0,"menu_order":0,"comment_status":"closed","ping_status":"closed","template":"","meta":{"inline_featured_image":false,"footnotes":""},"class_list":["post-28341","page","type-page","status-publish","hentry"],"_links":{"self":[{"href":"https:\/\/redtowerproperty.com\/tr\/wp-json\/wp\/v2\/pages\/28341","targetHints":{"allow":["GET"]}}],"collection":[{"href":"https:\/\/redtowerproperty.com\/tr\/wp-json\/wp\/v2\/pages"}],"about":[{"href":"https:\/\/redtowerproperty.com\/tr\/wp-json\/wp\/v2\/types\/page"}],"author":[{"embeddable":true,"href":"https:\/\/redtowerproperty.com\/tr\/wp-json\/wp\/v2\/users\/5"}],"replies":[{"embeddable":true,"href":"https:\/\/redtowerproperty.com\/tr\/wp-json\/wp\/v2\/comments?post=28341"}],"version-history":[{"count":3,"href":"https:\/\/redtowerproperty.com\/tr\/wp-json\/wp\/v2\/pages\/28341\/revisions"}],"predecessor-version":[{"id":48751,"href":"https:\/\/redtowerproperty.com\/tr\/wp-json\/wp\/v2\/pages\/28341\/revisions\/48751"}],"wp:attachment":[{"href":"https:\/\/redtowerproperty.com\/tr\/wp-json\/wp\/v2\/media?parent=28341"}],"curies":[{"name":"wp","href":"https:\/\/api.w.org\/{rel}","templated":true}]}}